{"id":776,"date":"2016-04-06T09:03:03","date_gmt":"2016-04-06T15:03:03","guid":{"rendered":"https:\/\/graziamagazine.com\/mx\/?page_id=776"},"modified":"2021-01-19T17:42:13","modified_gmt":"2021-01-19T22:42:13","slug":"contact","status":"publish","type":"page","link":"https:\/\/graziamagazine.com\/mx\/contact\/","title":{"rendered":"Contacto"},"content":{"rendered":"<h2>Escr\u00edbenos<\/h2>\n<p>Si tienes alguna duda o comentario escr\u00edbenos a <a href=\"mailto:comunicacion@graziala.com\" target=\"_blank\" rel=\"noopener\">comunicacion@graziala.com<\/a>.<\/p>\n<section class=\"newsletter\">\n<section class=\"inner\"><\/section>\n<\/section>\n","protected":false},"excerpt":{"rendered":"<p>Escr\u00edbenos Si tienes alguna duda o comentario escr\u00edbenos a comunicacion@graziala.com.<\/p>\n","protected":false},"author":11629,"featured_media":0,"parent":0,"menu_order":0,"comment_status":"closed","ping_status":"closed","template":"","meta":{"ep_exclude_from_search":false,"footnotes":""},"acf":[],"yoast_head":"<!-- This site is optimized with the Yoast SEO Premium plugin v18.5 (Yoast SEO v20.4) - https:\/\/yoast.com\/wordpress\/plugins\/seo\/ -->\n<title>Contacto | Grazia M\u00e9xico y Latinoam\u00e9rica<\/title>\n<meta name=\"description\" content=\"Escr\u00edbenos Si tienes alguna duda o comentario escr\u00edbenos a comunicacion@graziala.com.\" \/>\n<meta name=\"robots\" content=\"index, follow, max-snippet:-1, max-image-preview:large, max-video-preview:-1\" \/>\n<link rel=\"canonical\" href=\"https:\/\/graziamagazine.com\/mx\/contact\/\" \/>\n<meta property=\"og:locale\" content=\"es_MX\" \/>\n<meta property=\"og:type\" content=\"article\" \/>\n<meta property=\"og:title\" content=\"Contacto\" \/>\n<meta property=\"og:description\" content=\"Escr\u00edbenos Si tienes alguna duda o comentario escr\u00edbenos a comunicacion@graziala.com.\" \/>\n<meta property=\"og:url\" content=\"https:\/\/graziamagazine.com\/mx\/contact\/\" \/>\n<meta property=\"og:site_name\" content=\"Grazia M\u00e9xico y Latinoam\u00e9rica\" \/>\n<meta property=\"article:modified_time\" content=\"2021-01-19T22:42:13+00:00\" \/>\n<meta name=\"twitter:card\" content=\"summary_large_image\" \/>\n<script type=\"application\/ld+json\" class=\"yoast-schema-graph\">{\"@context\":\"https:\/\/schema.org\",\"@graph\":[{\"@type\":\"WebPage\",\"@id\":\"https:\/\/graziamagazine.com\/mx\/contact\/\",\"url\":\"https:\/\/graziamagazine.com\/mx\/contact\/\",\"name\":\"Contacto | Grazia M\u00e9xico y Latinoam\u00e9rica\",\"isPartOf\":{\"@id\":\"https:\/\/graziamagazine.com\/mx\/#website\"},\"datePublished\":\"2016-04-06T15:03:03+00:00\",\"dateModified\":\"2021-01-19T22:42:13+00:00\",\"description\":\"Escr\u00edbenos Si tienes alguna duda o comentario escr\u00edbenos a comunicacion@graziala.com.\",\"breadcrumb\":{\"@id\":\"https:\/\/graziamagazine.com\/mx\/contact\/#breadcrumb\"},\"inLanguage\":\"es-MX\",\"potentialAction\":[{\"@type\":\"ReadAction\",\"target\":[\"https:\/\/graziamagazine.com\/mx\/contact\/\"]}]},{\"@type\":\"BreadcrumbList\",\"@id\":\"https:\/\/graziamagazine.com\/mx\/contact\/#breadcrumb\",\"itemListElement\":[{\"@type\":\"ListItem\",\"position\":1,\"name\":\"Home\",\"item\":\"https:\/\/graziamagazine.com\/mx\/\"},{\"@type\":\"ListItem\",\"position\":2,\"name\":\"Contacto\"}]},{\"@type\":\"WebSite\",\"@id\":\"https:\/\/graziamagazine.com\/mx\/#website\",\"url\":\"https:\/\/graziamagazine.com\/mx\/\",\"name\":\"Grazia M\u00e9xico y Latinoam\u00e9rica\",\"description\":\"Grazia es moda, belleza y noticias  de actualidad \",\"potentialAction\":[{\"@type\":\"SearchAction\",\"target\":{\"@type\":\"EntryPoint\",\"urlTemplate\":\"https:\/\/graziamagazine.com\/mx\/?s={search_term_string}\"},\"query-input\":\"required name=search_term_string\"}],\"inLanguage\":\"es-MX\"}]}<\/script>\n<!-- \/ Yoast SEO Premium plugin. -->","yoast_head_json":{"title":"Contacto | Grazia M\u00e9xico y Latinoam\u00e9rica","description":"Escr\u00edbenos Si tienes alguna duda o comentario escr\u00edbenos a comunicacion@graziala.com.","robots":{"index":"index","follow":"follow","max-snippet":"max-snippet:-1","max-image-preview":"max-image-preview:large","max-video-preview":"max-video-preview:-1"},"canonical":"https:\/\/graziamagazine.com\/mx\/contact\/","og_locale":"es_MX","og_type":"article","og_title":"Contacto","og_description":"Escr\u00edbenos Si tienes alguna duda o comentario escr\u00edbenos a comunicacion@graziala.com.","og_url":"https:\/\/graziamagazine.com\/mx\/contact\/","og_site_name":"Grazia M\u00e9xico y Latinoam\u00e9rica","article_modified_time":"2021-01-19T22:42:13+00:00","twitter_card":"summary_large_image","schema":{"@context":"https:\/\/schema.org","@graph":[{"@type":"WebPage","@id":"https:\/\/graziamagazine.com\/mx\/contact\/","url":"https:\/\/graziamagazine.com\/mx\/contact\/","name":"Contacto | Grazia M\u00e9xico y Latinoam\u00e9rica","isPartOf":{"@id":"https:\/\/graziamagazine.com\/mx\/#website"},"datePublished":"2016-04-06T15:03:03+00:00","dateModified":"2021-01-19T22:42:13+00:00","description":"Escr\u00edbenos Si tienes alguna duda o comentario escr\u00edbenos a comunicacion@graziala.com.","breadcrumb":{"@id":"https:\/\/graziamagazine.com\/mx\/contact\/#breadcrumb"},"inLanguage":"es-MX","potentialAction":[{"@type":"ReadAction","target":["https:\/\/graziamagazine.com\/mx\/contact\/"]}]},{"@type":"BreadcrumbList","@id":"https:\/\/graziamagazine.com\/mx\/contact\/#breadcrumb","itemListElement":[{"@type":"ListItem","position":1,"name":"Home","item":"https:\/\/graziamagazine.com\/mx\/"},{"@type":"ListItem","position":2,"name":"Contacto"}]},{"@type":"WebSite","@id":"https:\/\/graziamagazine.com\/mx\/#website","url":"https:\/\/graziamagazine.com\/mx\/","name":"Grazia M\u00e9xico y Latinoam\u00e9rica","description":"Grazia es moda, belleza y noticias  de actualidad ","potentialAction":[{"@type":"SearchAction","target":{"@type":"EntryPoint","urlTemplate":"https:\/\/graziamagazine.com\/mx\/?s={search_term_string}"},"query-input":"required name=search_term_string"}],"inLanguage":"es-MX"}]}},"jetpack_sharing_enabled":true,"distributor_meta":false,"distributor_terms":false,"distributor_media":false,"distributor_original_site_name":"Grazia M\u00e9xico y Latinoam\u00e9rica","distributor_original_site_url":"https:\/\/graziamagazine.com\/mx","push-errors":false,"amp_enabled":true,"_links":{"self":[{"href":"https:\/\/graziamagazine.com\/mx\/wp-json\/wp\/v2\/pages\/776"}],"collection":[{"href":"https:\/\/graziamagazine.com\/mx\/wp-json\/wp\/v2\/pages"}],"about":[{"href":"https:\/\/graziamagazine.com\/mx\/wp-json\/wp\/v2\/types\/page"}],"author":[{"embeddable":true,"href":"https:\/\/graziamagazine.com\/mx\/wp-json\/wp\/v2\/users\/11629"}],"replies":[{"embeddable":true,"href":"https:\/\/graziamagazine.com\/mx\/wp-json\/wp\/v2\/comments?post=776"}],"version-history":[{"count":"5","href":"https:\/\/graziamagazine.com\/mx\/wp-json\/wp\/v2\/pages\/776\/revisions"}],"predecessor-version":[{"id":92617,"href":"https:\/\/graziamagazine.com\/mx\/wp-json\/wp\/v2\/pages\/776\/revisions\/92617"}],"wp:attachment":[{"href":"https:\/\/graziamagazine.com\/mx\/wp-json\/wp\/v2\/media?parent=776"}],"curies":[{"name":"wp","href":"https:\/\/api.w.org\/{rel}","templated":true}]}}