{"id":31724,"date":"2017-09-22T09:04:59","date_gmt":"2017-09-22T15:04:59","guid":{"rendered":"https:\/\/graziamagazine.com\/mx\/?page_id=31724"},"modified":"2021-02-24T11:26:18","modified_gmt":"2021-02-24T16:26:18","slug":"terminos-y-condiciones","status":"publish","type":"page","link":"https:\/\/graziamagazine.com\/mx\/terminos-y-condiciones\/","title":{"rendered":"T\u00e9rminos y condiciones"},"content":{"rendered":"<p><main><\/p>\n<section class=\"simple text\">\n<h1>T\u00e9rminos y condiciones<\/h1>\n<article id=\"post-31724\" class=\"post-31724 page type-page status-publish hentry\"><strong>Aviso legal<\/strong><\/p>\n<p><strong>1. Responsable y editor del sitio web<\/strong><\/p>\n<p>Este sitio web es responsabilidad de Menta Comunicaci\u00f3n y Medios, S.A. de C.V., \u00a0con domicilio en Av. Jesus del Monte 41, 14 floor Int. 1526-B, Col. Jesus del Monte, Huixquilucan, Estado de M\u00e9xico.<\/p>\n<p>En adelante, la entidad responsable de este sitio web ser\u00e1 denominada Menta Comunicaci\u00f3n.<\/p>\n<p><strong>2. Car\u00e1cter de los servicios<\/strong><br \/>\nEl acceso al sitio web y a la informaci\u00f3n contenida en el mismo es gratuito.<\/p>\n<p>Sin embargo, desde el sitio web se podr\u00e1 acceder a productos o servicios de pago ofrecidos por otros sitios web ajenos a Mondadori.<\/p>\n<p><strong>3. Usuario del sitio web<\/strong><br \/>\nToda persona que acceda al sitio web tendr\u00e1 la condici\u00f3n de Usuario.<\/p>\n<p>El Usuario podr\u00e1 navegar libremente por todos los contenidos p\u00fablicos del sitio web, y hacer uso de los servicios que se le ofrecen, respetando en todo caso las condiciones de uso del sitio web, por lo que deber\u00e1 conocer y respetar las condiciones indicadas en el presente texto.<\/p>\n<p>Asimismo, el Usuario podr\u00e1 solicitar el env\u00edo de informaci\u00f3n editorial o comercial a trav\u00e9s de los formularios dispuestos al efecto. Para ello, el Usuario deber\u00e1 ser mayor de 14 a\u00f1os, y facilitar datos ciertos, exactos y actualizados.<\/p>\n<p><strong>4. Condiciones de uso del sitio web y responsabilidad del Usuario<\/strong><br \/>\nAl acceder al sitio web, y al usar los servicios que se le ofrecen (tales como registro para recibir informaci\u00f3n, comentarios en noticias, foros, blogs, etc.), el Usuario deber\u00e1 cumplir en todo momento la legislaci\u00f3n vigente, respetando el orden p\u00fablico y el principio de la buena fe.<\/p>\n<p>El Usuario se compromete a no utilizar el sitio web, ni los recursos o la informaci\u00f3n ofrecida en el mismo para la realizaci\u00f3n de actividades contrarias a la Ley, la moral o el orden p\u00fablico y, en general, a hacer un uso conforme a las condiciones establecidas por LA EMPRESA.<\/p>\n<p>Las opiniones, contenidos y, en general, todas las actividades realizadas por el USUARIO, son de su exclusiva responsabilidad, sin que pueda responsabilizarse a Mondadori de los da\u00f1os o perjuicios que pudieran derivarse de dichas actividades ajenas a su voluntad y sin que \u00e9sta tenga un conocimiento efectivo de las mismas.<\/p>\n<p>Mondadori se reserva el derecho de tomar todas las medidas a su alcance para evitar abusos o incumplimientos de las condiciones de uso por parte de los usuarios, tales como baneos, borrado de comentarios, o incluso denuncia a las autoridades pertinentes.<\/p>\n<p>A t\u00edtulo enunciativo, pero no limitativo, se exponen las siguientes pr\u00e1cticas prohibidas por las presentes condiciones de uso:<\/p>\n<p>Realizar actividades il\u00edcitas, ilegales o contrarias a la buena fe y al orden p\u00fablico;<br \/>\nDifundir contenidos o comentarios de car\u00e1cter racista, xen\u00f3fobo, pornogr\u00e1fico, ilegal, de apolog\u00eda del terrorismo, o que atenten contra los derechos humanos, la juventud, la infancia, el orden o la seguridad p\u00fablica;<br \/>\nDifundir contenidos o comentarios ofensivos, insultos, faltas de respeto o cualquiera que no resulte adecuado a criterio de Mondadori;<br \/>\nProvocar o intentar provocar da\u00f1os en los sistemas f\u00edsicos y l\u00f3gicos de Mondadori, de sus proveedores o de terceras personas, introducir o difundir en la red virus inform\u00e1ticos o cualesquiera otros sistemas f\u00edsicos o l\u00f3gicos que sean susceptibles de provocar los da\u00f1os anteriormente mencionados;<br \/>\nAcceder o Intentar acceder a datos o informaci\u00f3n confidencial de Mondadori o de otros usuarios;<br \/>\nSuplantar la identidad de otros usuarios o facilitar datos de otros usuarios sin su consentimiento.<br \/>\nMondadori colaborar\u00e1 con las autoridades correspondientes a fin de identificar al usuario o usuarios responsables de cualquier tipo de actividad il\u00edcita en el sitio web.<\/p>\n<p><strong>5. Responsabilidad de Mondadori<\/strong><br \/>\nMondadori no ser\u00e1 responsable de los contenidos, opiniones o comentarios generados por el Usuario.<\/p>\n<p>Asimismo, Mondadori no ser\u00e1 responsable de los errores en el acceso al sitio web o en sus contenidos, aunque pondr\u00e1 la mayor diligencia en que los mismos no se produzcan.<\/p>\n<p>Mondadori se reserva el derecho de suspender temporalmente, y sin necesidad de previo aviso, la accesibilidad del sitio web con motivo de una eventual necesidad de efectuar operaciones de mantenimiento, reparaci\u00f3n, actualizaci\u00f3n o mejora del mismo.<\/p>\n<p><strong>6. Propiedad intelectual e industrial<\/strong><br \/>\nSalvo que eventualmente se disponga lo contrario en alg\u00fan contenido concreto, todos los contenidos del sitio web (incluyendo, sin car\u00e1cter limitativo, bases de datos, im\u00e1genes, dibujos, gr\u00e1ficos, archivos de texto, audio, v\u00eddeo y software) son propiedad de Mondadori o de terceros que han autorizado su explotaci\u00f3n a Mondadori, y est\u00e1n protegidos por las normas nacionales e internacionales de propiedad intelectual e industrial.<\/p>\n<p>El nombre de dominio, las marcas, r\u00f3tulos, signos distintivos o logos que aparecen en el sitio web son titularidad de Mondadori o de terceros que han autorizado a Mondadori su explotaci\u00f3n.<\/p>\n<p>Todos los derechos sobre los contenidos del sitio web est\u00e1n reservados, y no podr\u00e1n ser objeto de modificaci\u00f3n, copia, alteraci\u00f3n, reproducci\u00f3n total o parcial, adaptaci\u00f3n o traducci\u00f3n por parte de terceros sin la expresa autorizaci\u00f3n por parte de Mondadori.<\/p>\n<p>El uso no autorizado de la informaci\u00f3n contenida en este sitio web, as\u00ed como la lesi\u00f3n de los derechos de propiedad intelectual o industrial dar\u00e1 lugar a las responsabilidades legalmente establecidas.<\/p>\n<p><strong>7. Enlaces<\/strong><br \/>\nEl establecimiento de cualquier hiperenlace desde un sitio web ajeno, a cualquiera de las p\u00e1ginas del sitio web de Mondadori estar\u00e1 sometido a las siguientes condiciones:<\/p>\n<p>No se permite la reproducci\u00f3n ni total ni parcial de ninguno de los servicios contenidos en el sitio web de Mondadori.<br \/>\nNo se incluir\u00e1 ninguna manifestaci\u00f3n falsa, inexacta o incorrecta sobre las p\u00e1ginas del sitio web de Mondadori y sus servicios.<br \/>\nMondadori no ser\u00e1 responsable de los contenidos, informaciones, manifestaciones, opiniones o servicios puestos a disposici\u00f3n del p\u00fablico en la p\u00e1gina web desde la que se establezca un hiperenlace al presente sitio web.<br \/>\nCualquier hiperenlace se efectuar\u00e1 a la p\u00e1gina principal del sitio web, y en ning\u00fan caso se har\u00e1 a trav\u00e9s de un frame o marco que induzca a error sobre la autor\u00eda o propiedad de los contenidos del sitio web.<br \/>\nAsimismo, el Usuario podr\u00e1 encontrar p\u00e1ginas de terceros enlazadas desde el sitio web, tales como los blogs del sitio web o las tiendas online.<\/p>\n<p>Estas p\u00e1ginas no son responsabilidad de Mondadori. Mondadori no ser\u00e1 responsable de las actividades contrarias a la ley, la moral o el orden p\u00fablico que realicen los titulares de las p\u00e1ginas enlazadas desde el presente sitio web.<\/p>\n<p><strong>8. Privacidad<\/strong><br \/>\nPor el mero acceso al sitio web, la direcci\u00f3n IP del Usuario puede quedar registrada en un fichero log de acceso al mismo.<\/p>\n<p>Este fichero s\u00f3lo tiene la finalidad de controlar y registrar los accesos al sitio web; no obstante, esta informaci\u00f3n podr\u00e1 ser requerida por las autoridades pertinentes para la investigaci\u00f3n de ciertas conductas il\u00edcitas conforme a su normativa espec\u00edfica.<\/p>\n<p>Asimismo, el Usuario podr\u00e1 facilitar sus datos personales a trav\u00e9s de los formularios del sitio web, con la finalidad indicada en cada uno de ellos.<\/p>\n<p>El Usuario podr\u00e1 ejercer sus derechos de acceso, rectificaci\u00f3n, cancelaci\u00f3n y oposici\u00f3n a trav\u00e9s de correo postal al domicilio de Mondadori, indicado en el presente documento, aportando los datos facilitados a trav\u00e9s del sitio web, y concretando el derecho que desea ejercer.<\/p>\n<\/article>\n<\/section>\n<p><\/main><\/p>\n","protected":false},"excerpt":{"rendered":"<p>T\u00e9rminos y condiciones Aviso legal 1. Responsable y editor del sitio web Este sitio web es responsabilidad de Menta Comunicaci\u00f3n y Medios, S.A. de C.V., \u00a0con domicilio en Av. Jesus del Monte 41, 14 floor Int. 1526-B, Col. Jesus del Monte, Huixquilucan, Estado de M\u00e9xico. En adelante, la entidad responsable de este sitio web ser\u00e1&#8230;<\/p>\n","protected":false},"author":11629,"featured_media":0,"parent":0,"menu_order":0,"comment_status":"closed","ping_status":"closed","template":"","meta":{"ep_exclude_from_search":false,"footnotes":""},"acf":[],"yoast_head":"<!-- This site is optimized with the Yoast SEO Premium plugin v18.5 (Yoast SEO v20.4) - https:\/\/yoast.com\/wordpress\/plugins\/seo\/ -->\n<title>T\u00e9rminos y condiciones | Grazia M\u00e9xico y Latinoam\u00e9rica<\/title>\n<meta name=\"description\" content=\"T\u00e9rminos y condiciones Aviso legal 1. Responsable y editor del sitio web Este sitio web es responsabilidad de Menta Comunicaci\u00f3n y Medios, S.A. de C.V.,\" \/>\n<meta name=\"robots\" content=\"index, follow, max-snippet:-1, max-image-preview:large, max-video-preview:-1\" \/>\n<link rel=\"canonical\" href=\"https:\/\/graziamagazine.com\/mx\/terminos-y-condiciones\/\" \/>\n<meta property=\"og:locale\" content=\"es_MX\" \/>\n<meta property=\"og:type\" content=\"article\" \/>\n<meta property=\"og:title\" content=\"T\u00e9rminos y condiciones\" \/>\n<meta property=\"og:description\" content=\"T\u00e9rminos y condiciones Aviso legal 1. Responsable y editor del sitio web Este sitio web es responsabilidad de Menta Comunicaci\u00f3n y Medios, S.A. de C.V.,\" \/>\n<meta property=\"og:url\" content=\"https:\/\/graziamagazine.com\/mx\/terminos-y-condiciones\/\" \/>\n<meta property=\"og:site_name\" content=\"Grazia M\u00e9xico y Latinoam\u00e9rica\" \/>\n<meta property=\"article:modified_time\" content=\"2021-02-24T16:26:18+00:00\" \/>\n<meta name=\"twitter:card\" content=\"summary_large_image\" \/>\n<meta name=\"twitter:label1\" content=\"Est. reading time\" \/>\n\t<meta name=\"twitter:data1\" content=\"6 minutos\" \/>\n<script type=\"application\/ld+json\" class=\"yoast-schema-graph\">{\"@context\":\"https:\/\/schema.org\",\"@graph\":[{\"@type\":\"WebPage\",\"@id\":\"https:\/\/graziamagazine.com\/mx\/terminos-y-condiciones\/\",\"url\":\"https:\/\/graziamagazine.com\/mx\/terminos-y-condiciones\/\",\"name\":\"T\u00e9rminos y condiciones | Grazia M\u00e9xico y Latinoam\u00e9rica\",\"isPartOf\":{\"@id\":\"https:\/\/graziamagazine.com\/mx\/#website\"},\"datePublished\":\"2017-09-22T15:04:59+00:00\",\"dateModified\":\"2021-02-24T16:26:18+00:00\",\"description\":\"T\u00e9rminos y condiciones Aviso legal 1. Responsable y editor del sitio web Este sitio web es responsabilidad de Menta Comunicaci\u00f3n y Medios, S.A. de C.V.,\",\"breadcrumb\":{\"@id\":\"https:\/\/graziamagazine.com\/mx\/terminos-y-condiciones\/#breadcrumb\"},\"inLanguage\":\"es-MX\",\"potentialAction\":[{\"@type\":\"ReadAction\",\"target\":[\"https:\/\/graziamagazine.com\/mx\/terminos-y-condiciones\/\"]}]},{\"@type\":\"BreadcrumbList\",\"@id\":\"https:\/\/graziamagazine.com\/mx\/terminos-y-condiciones\/#breadcrumb\",\"itemListElement\":[{\"@type\":\"ListItem\",\"position\":1,\"name\":\"Home\",\"item\":\"https:\/\/graziamagazine.com\/mx\/\"},{\"@type\":\"ListItem\",\"position\":2,\"name\":\"T\u00e9rminos y condiciones\"}]},{\"@type\":\"WebSite\",\"@id\":\"https:\/\/graziamagazine.com\/mx\/#website\",\"url\":\"https:\/\/graziamagazine.com\/mx\/\",\"name\":\"Grazia M\u00e9xico y Latinoam\u00e9rica\",\"description\":\"Grazia es moda, belleza y noticias  de actualidad \",\"potentialAction\":[{\"@type\":\"SearchAction\",\"target\":{\"@type\":\"EntryPoint\",\"urlTemplate\":\"https:\/\/graziamagazine.com\/mx\/?s={search_term_string}\"},\"query-input\":\"required name=search_term_string\"}],\"inLanguage\":\"es-MX\"}]}<\/script>\n<!-- \/ Yoast SEO Premium plugin. -->","yoast_head_json":{"title":"T\u00e9rminos y condiciones | Grazia M\u00e9xico y Latinoam\u00e9rica","description":"T\u00e9rminos y condiciones Aviso legal 1. Responsable y editor del sitio web Este sitio web es responsabilidad de Menta Comunicaci\u00f3n y Medios, S.A. de C.V.,","robots":{"index":"index","follow":"follow","max-snippet":"max-snippet:-1","max-image-preview":"max-image-preview:large","max-video-preview":"max-video-preview:-1"},"canonical":"https:\/\/graziamagazine.com\/mx\/terminos-y-condiciones\/","og_locale":"es_MX","og_type":"article","og_title":"T\u00e9rminos y condiciones","og_description":"T\u00e9rminos y condiciones Aviso legal 1. Responsable y editor del sitio web Este sitio web es responsabilidad de Menta Comunicaci\u00f3n y Medios, S.A. de C.V.,","og_url":"https:\/\/graziamagazine.com\/mx\/terminos-y-condiciones\/","og_site_name":"Grazia M\u00e9xico y Latinoam\u00e9rica","article_modified_time":"2021-02-24T16:26:18+00:00","twitter_card":"summary_large_image","twitter_misc":{"Est. reading time":"6 minutos"},"schema":{"@context":"https:\/\/schema.org","@graph":[{"@type":"WebPage","@id":"https:\/\/graziamagazine.com\/mx\/terminos-y-condiciones\/","url":"https:\/\/graziamagazine.com\/mx\/terminos-y-condiciones\/","name":"T\u00e9rminos y condiciones | Grazia M\u00e9xico y Latinoam\u00e9rica","isPartOf":{"@id":"https:\/\/graziamagazine.com\/mx\/#website"},"datePublished":"2017-09-22T15:04:59+00:00","dateModified":"2021-02-24T16:26:18+00:00","description":"T\u00e9rminos y condiciones Aviso legal 1. Responsable y editor del sitio web Este sitio web es responsabilidad de Menta Comunicaci\u00f3n y Medios, S.A. de C.V.,","breadcrumb":{"@id":"https:\/\/graziamagazine.com\/mx\/terminos-y-condiciones\/#breadcrumb"},"inLanguage":"es-MX","potentialAction":[{"@type":"ReadAction","target":["https:\/\/graziamagazine.com\/mx\/terminos-y-condiciones\/"]}]},{"@type":"BreadcrumbList","@id":"https:\/\/graziamagazine.com\/mx\/terminos-y-condiciones\/#breadcrumb","itemListElement":[{"@type":"ListItem","position":1,"name":"Home","item":"https:\/\/graziamagazine.com\/mx\/"},{"@type":"ListItem","position":2,"name":"T\u00e9rminos y condiciones"}]},{"@type":"WebSite","@id":"https:\/\/graziamagazine.com\/mx\/#website","url":"https:\/\/graziamagazine.com\/mx\/","name":"Grazia M\u00e9xico y Latinoam\u00e9rica","description":"Grazia es moda, belleza y noticias  de actualidad ","potentialAction":[{"@type":"SearchAction","target":{"@type":"EntryPoint","urlTemplate":"https:\/\/graziamagazine.com\/mx\/?s={search_term_string}"},"query-input":"required name=search_term_string"}],"inLanguage":"es-MX"}]}},"jetpack_sharing_enabled":true,"distributor_meta":false,"distributor_terms":false,"distributor_media":false,"distributor_original_site_name":"Grazia M\u00e9xico y Latinoam\u00e9rica","distributor_original_site_url":"https:\/\/graziamagazine.com\/mx","push-errors":false,"amp_enabled":true,"_links":{"self":[{"href":"https:\/\/graziamagazine.com\/mx\/wp-json\/wp\/v2\/pages\/31724"}],"collection":[{"href":"https:\/\/graziamagazine.com\/mx\/wp-json\/wp\/v2\/pages"}],"about":[{"href":"https:\/\/graziamagazine.com\/mx\/wp-json\/wp\/v2\/types\/page"}],"author":[{"embeddable":true,"href":"https:\/\/graziamagazine.com\/mx\/wp-json\/wp\/v2\/users\/11629"}],"replies":[{"embeddable":true,"href":"https:\/\/graziamagazine.com\/mx\/wp-json\/wp\/v2\/comments?post=31724"}],"version-history":[{"count":"7","href":"https:\/\/graziamagazine.com\/mx\/wp-json\/wp\/v2\/pages\/31724\/revisions"}],"predecessor-version":[{"id":93971,"href":"https:\/\/graziamagazine.com\/mx\/wp-json\/wp\/v2\/pages\/31724\/revisions\/93971"}],"wp:attachment":[{"href":"https:\/\/graziamagazine.com\/mx\/wp-json\/wp\/v2\/media?parent=31724"}],"curies":[{"name":"wp","href":"https:\/\/api.w.org\/{rel}","templated":true}]}}