{"id":66734,"date":"2016-02-18T19:39:29","date_gmt":"2016-02-18T18:39:29","guid":{"rendered":"https:\/\/graziamagazine.com\/es\/?page_id=66734"},"modified":"2016-02-18T19:39:29","modified_gmt":"2016-02-18T18:39:29","slug":"ralph-lauren-pap-otono-invierno-201617","status":"publish","type":"page","link":"https:\/\/graziamagazine.com\/es\/otono-invierno-2016-17-pret-a-porter\/ralph-lauren-pap-otono-invierno-201617\/","title":{"rendered":"Ralph Lauren: PAP oto\u00f1o-invierno 2016\/17"},"content":{"rendered":"","protected":false},"excerpt":{"rendered":"","protected":false},"author":21500,"featured_media":0,"parent":64817,"menu_order":0,"comment_status":"closed","ping_status":"closed","template":"template-disenador.php","meta":{"jetpack_post_was_ever_published":false,"ep_exclude_from_search":false,"footnotes":""},"acf":[],"yoast_head":"<!-- This site is optimized with the Yoast SEO Premium plugin v18.5 (Yoast SEO v20.4) - https:\/\/yoast.com\/wordpress\/plugins\/seo\/ -->\n<title>Ralph Lauren: PAP oto\u00f1o-invierno 2016\/17 | Grazia<\/title>\n<meta name=\"description\" content=\"Todas las im\u00e1genes del desfile en Nueva York de Ralph Lauren: PAP oto\u00f1o-invierno 2016\/17.\" \/>\n<meta name=\"robots\" content=\"index, follow, max-snippet:-1, max-image-preview:large, max-video-preview:-1\" \/>\n<link rel=\"canonical\" href=\"https:\/\/graziamagazine.com\/es\/otono-invierno-2016-17-pret-a-porter\/ralph-lauren-pap-otono-invierno-201617\/\" \/>\n<meta property=\"og:locale\" content=\"es_ES\" \/>\n<meta property=\"og:type\" content=\"article\" \/>\n<meta property=\"og:title\" content=\"Ralph Lauren: PAP oto\u00f1o-invierno 2016\/17\" \/>\n<meta property=\"og:description\" content=\"Todas las im\u00e1genes del desfile en Nueva York de Ralph Lauren: PAP oto\u00f1o-invierno 2016\/17.\" \/>\n<meta property=\"og:url\" content=\"https:\/\/graziamagazine.com\/es\/otono-invierno-2016-17-pret-a-porter\/ralph-lauren-pap-otono-invierno-201617\/\" \/>\n<meta property=\"og:site_name\" content=\"Grazia\" \/>\n<meta property=\"og:image\" content=\"https:\/\/graziamagazine.com\/es\/wp-content\/uploads\/sites\/12\/2016\/02\/18193135\/Ralph-Lauren_ful_W_F16_NY_043.jpg?fit=885%2C1328\" \/>\n\t<meta property=\"og:image:width\" content=\"885\" \/>\n\t<meta property=\"og:image:height\" content=\"1328\" \/>\n\t<meta property=\"og:image:type\" content=\"image\/jpeg\" \/>\n<meta name=\"twitter:card\" content=\"summary_large_image\" \/>\n<meta name=\"twitter:title\" content=\"Ralph Lauren: PAP oto\u00f1o-invierno 2016\/17\" \/>\n<meta name=\"twitter:description\" content=\"Todas las im\u00e1genes del desfile en Nueva York de Ralph Lauren: PAP oto\u00f1o-invierno 2016\/17.\" \/>\n<meta name=\"twitter:image\" content=\"http:\/\/s3-eu-west-1.amazonaws.com\/grazia-cdn\/wp-content\/uploads\/sites\/12\/2016\/02\/18193135\/Ralph-Lauren_ful_W_F16_NY_043.jpg\" \/>\n<script type=\"application\/ld+json\" class=\"yoast-schema-graph\">{\"@context\":\"https:\/\/schema.org\",\"@graph\":[{\"@type\":\"WebPage\",\"@id\":\"https:\/\/graziamagazine.com\/es\/otono-invierno-2016-17-pret-a-porter\/ralph-lauren-pap-otono-invierno-201617\/\",\"url\":\"https:\/\/graziamagazine.com\/es\/otono-invierno-2016-17-pret-a-porter\/ralph-lauren-pap-otono-invierno-201617\/\",\"name\":\"Ralph Lauren: PAP oto\u00f1o-invierno 2016\/17 | Grazia\",\"isPartOf\":{\"@id\":\"https:\/\/graziamagazine.com\/es\/#website\"},\"datePublished\":\"2016-02-18T18:39:29+00:00\",\"dateModified\":\"2016-02-18T18:39:29+00:00\",\"description\":\"Todas las im\u00e1genes del desfile en Nueva York de Ralph Lauren: PAP oto\u00f1o-invierno 2016\/17.\",\"breadcrumb\":{\"@id\":\"https:\/\/graziamagazine.com\/es\/otono-invierno-2016-17-pret-a-porter\/ralph-lauren-pap-otono-invierno-201617\/#breadcrumb\"},\"inLanguage\":\"es\",\"potentialAction\":[{\"@type\":\"ReadAction\",\"target\":[\"https:\/\/graziamagazine.com\/es\/otono-invierno-2016-17-pret-a-porter\/ralph-lauren-pap-otono-invierno-201617\/\"]}]},{\"@type\":\"BreadcrumbList\",\"@id\":\"https:\/\/graziamagazine.com\/es\/otono-invierno-2016-17-pret-a-porter\/ralph-lauren-pap-otono-invierno-201617\/#breadcrumb\",\"itemListElement\":[{\"@type\":\"ListItem\",\"position\":1,\"name\":\"Portada\",\"item\":\"https:\/\/graziamagazine.com\/es\/\"},{\"@type\":\"ListItem\",\"position\":2,\"name\":\"Oto\u00f1o-Invierno 2016-17: Pr\u00eat-\u00e0-Porter\",\"item\":\"https:\/\/graziamagazine.com\/es\/otono-invierno-2016-17-pret-a-porter\/\"},{\"@type\":\"ListItem\",\"position\":3,\"name\":\"Ralph Lauren: PAP oto\u00f1o-invierno 2016\/17\"}]},{\"@type\":\"WebSite\",\"@id\":\"https:\/\/graziamagazine.com\/es\/#website\",\"url\":\"https:\/\/graziamagazine.com\/es\/\",\"name\":\"Grazia\",\"description\":\"Moda, belleza, celebrities, estilo de vida...\",\"potentialAction\":[{\"@type\":\"SearchAction\",\"target\":{\"@type\":\"EntryPoint\",\"urlTemplate\":\"https:\/\/graziamagazine.com\/es\/?s={search_term_string}\"},\"query-input\":\"required name=search_term_string\"}],\"inLanguage\":\"es\"}]}<\/script>\n<!-- \/ Yoast SEO Premium plugin. -->","yoast_head_json":{"title":"Ralph Lauren: PAP oto\u00f1o-invierno 2016\/17 | Grazia","description":"Todas las im\u00e1genes del desfile en Nueva York de Ralph Lauren: PAP oto\u00f1o-invierno 2016\/17.","robots":{"index":"index","follow":"follow","max-snippet":"max-snippet:-1","max-image-preview":"max-image-preview:large","max-video-preview":"max-video-preview:-1"},"canonical":"https:\/\/graziamagazine.com\/es\/otono-invierno-2016-17-pret-a-porter\/ralph-lauren-pap-otono-invierno-201617\/","og_locale":"es_ES","og_type":"article","og_title":"Ralph Lauren: PAP oto\u00f1o-invierno 2016\/17","og_description":"Todas las im\u00e1genes del desfile en Nueva York de Ralph Lauren: PAP oto\u00f1o-invierno 2016\/17.","og_url":"https:\/\/graziamagazine.com\/es\/otono-invierno-2016-17-pret-a-porter\/ralph-lauren-pap-otono-invierno-201617\/","og_site_name":"Grazia","og_image":[{"width":885,"height":1328,"url":"https:\/\/graziamagazine.com\/es\/wp-content\/uploads\/sites\/12\/2016\/02\/18193135\/Ralph-Lauren_ful_W_F16_NY_043.jpg?fit=885%2C1328","type":"image\/jpeg"}],"twitter_card":"summary_large_image","twitter_title":"Ralph Lauren: PAP oto\u00f1o-invierno 2016\/17","twitter_description":"Todas las im\u00e1genes del desfile en Nueva York de Ralph Lauren: PAP oto\u00f1o-invierno 2016\/17.","twitter_image":"http:\/\/s3-eu-west-1.amazonaws.com\/grazia-cdn\/wp-content\/uploads\/sites\/12\/2016\/02\/18193135\/Ralph-Lauren_ful_W_F16_NY_043.jpg","schema":{"@context":"https:\/\/schema.org","@graph":[{"@type":"WebPage","@id":"https:\/\/graziamagazine.com\/es\/otono-invierno-2016-17-pret-a-porter\/ralph-lauren-pap-otono-invierno-201617\/","url":"https:\/\/graziamagazine.com\/es\/otono-invierno-2016-17-pret-a-porter\/ralph-lauren-pap-otono-invierno-201617\/","name":"Ralph Lauren: PAP oto\u00f1o-invierno 2016\/17 | Grazia","isPartOf":{"@id":"https:\/\/graziamagazine.com\/es\/#website"},"datePublished":"2016-02-18T18:39:29+00:00","dateModified":"2016-02-18T18:39:29+00:00","description":"Todas las im\u00e1genes del desfile en Nueva York de Ralph Lauren: PAP oto\u00f1o-invierno 2016\/17.","breadcrumb":{"@id":"https:\/\/graziamagazine.com\/es\/otono-invierno-2016-17-pret-a-porter\/ralph-lauren-pap-otono-invierno-201617\/#breadcrumb"},"inLanguage":"es","potentialAction":[{"@type":"ReadAction","target":["https:\/\/graziamagazine.com\/es\/otono-invierno-2016-17-pret-a-porter\/ralph-lauren-pap-otono-invierno-201617\/"]}]},{"@type":"BreadcrumbList","@id":"https:\/\/graziamagazine.com\/es\/otono-invierno-2016-17-pret-a-porter\/ralph-lauren-pap-otono-invierno-201617\/#breadcrumb","itemListElement":[{"@type":"ListItem","position":1,"name":"Portada","item":"https:\/\/graziamagazine.com\/es\/"},{"@type":"ListItem","position":2,"name":"Oto\u00f1o-Invierno 2016-17: Pr\u00eat-\u00e0-Porter","item":"https:\/\/graziamagazine.com\/es\/otono-invierno-2016-17-pret-a-porter\/"},{"@type":"ListItem","position":3,"name":"Ralph Lauren: PAP oto\u00f1o-invierno 2016\/17"}]},{"@type":"WebSite","@id":"https:\/\/graziamagazine.com\/es\/#website","url":"https:\/\/graziamagazine.com\/es\/","name":"Grazia","description":"Moda, belleza, celebrities, estilo de vida...","potentialAction":[{"@type":"SearchAction","target":{"@type":"EntryPoint","urlTemplate":"https:\/\/graziamagazine.com\/es\/?s={search_term_string}"},"query-input":"required name=search_term_string"}],"inLanguage":"es"}]}},"jetpack_sharing_enabled":true,"distributor_meta":false,"distributor_terms":false,"distributor_media":false,"distributor_original_site_name":"Grazia","distributor_original_site_url":"https:\/\/graziamagazine.com\/es","push-errors":false,"amp_enabled":false,"_links":{"self":[{"href":"https:\/\/graziamagazine.com\/es\/wp-json\/wp\/v2\/pages\/66734"}],"collection":[{"href":"https:\/\/graziamagazine.com\/es\/wp-json\/wp\/v2\/pages"}],"about":[{"href":"https:\/\/graziamagazine.com\/es\/wp-json\/wp\/v2\/types\/page"}],"author":[{"embeddable":true,"href":"https:\/\/graziamagazine.com\/es\/wp-json\/wp\/v2\/users\/21500"}],"replies":[{"embeddable":true,"href":"https:\/\/graziamagazine.com\/es\/wp-json\/wp\/v2\/comments?post=66734"}],"version-history":[{"count":0,"href":"https:\/\/graziamagazine.com\/es\/wp-json\/wp\/v2\/pages\/66734\/revisions"}],"up":[{"embeddable":true,"href":"https:\/\/graziamagazine.com\/es\/wp-json\/wp\/v2\/pages\/64817"}],"wp:attachment":[{"href":"https:\/\/graziamagazine.com\/es\/wp-json\/wp\/v2\/media?parent=66734"}],"curies":[{"name":"wp","href":"https:\/\/api.w.org\/{rel}","templated":true}]}}