{"id":157225,"date":"2021-01-19T23:31:50","date_gmt":"2021-01-19T22:31:50","guid":{"rendered":"https:\/\/graziamagazine.com\/es\/?page_id=157225"},"modified":"2021-02-24T17:45:42","modified_gmt":"2021-02-24T16:45:42","slug":"terminos-y-condiciones","status":"publish","type":"page","link":"https:\/\/graziamagazine.com\/es\/terminos-y-condiciones\/","title":{"rendered":"T\u00e9rminos y condiciones"},"content":{"rendered":"<p><strong>1. Responsable y editor del sitio web<\/strong><\/p>\n<p>Este sitio web\u00a0<a href=\"http:\/\/esp.devgrazia.com\/\" target=\"_blank\">www.grazia.es<\/a>\u00a0(en adelante, el \u201cSitio Web\u201d) es responsabilidad de Menta Comunicaci\u00f3n y Medios, S.A. de C.V., con N\u00famero Fiscal (MCM151123C20), con domicilio en Av. Jesus del Monte 41, piso 14 Int. 1526-B, Col. Jesus del Monte, Huixquilucan, Estado de M\u00e9xico.<\/p>\n<p>En adelante, la entidad responsable de este Sitio Web ser\u00e1 denominada Menta Comunicaci\u00f3n o el Titular.<\/p>\n<p>Datos de inscripci\u00f3n en el Registro P\u00fablico de la Propiedad y de Comercio del Distrito Federal bajo el n\u00famero (547114-1).<\/p>\n<p>Cualquier comunicaci\u00f3n se podr\u00e1 dirigir a Av. Jesus del Monte 41, 14 floor Int. 1526-B, Col. Jesus del Monte, Huixquilucan, Estado de M\u00e9xico o al tel\u00e9fono (+525567213200) o la direcci\u00f3n de correo electr\u00f3nico (comunicacion@graziala.com).<\/p>\n<p>Menta Comunicaci\u00f3n, responsable del Sitio Web, pone a disposici\u00f3n de los usuarios (en adelante, \u201cUsuario\u201d o \u201cUsuarios\u201d el presente aviso legal con el que pretende dar cumplimiento a las obligaciones dispuestas en la legislaci\u00f3n vigente relativo a la protecci\u00f3n de las personas f\u00edsicas en lo que respecta al tratamiento de datos personales y a la libre circulaci\u00f3n de estos datos, as\u00ed como informar a todos los usuarios del Sitio Web sobre cu\u00e1les son las condiciones de uso del mismo.<\/p>\n<p><strong>2. Actividad<\/strong><\/p>\n<p>Menta Comunicaci\u00f3n se dedica a la edici\u00f3n y publicaci\u00f3n, en soporte electr\u00f3nico y f\u00edsico, de la revista GRAZIA.<\/p>\n<p><strong>3. Objeto<\/strong><\/p>\n<p>El presente Aviso Legal recoge las condiciones generales que regulan el acceso, navegaci\u00f3n y uso del Sitio Web, as\u00ed como de los contenidos que lo integran.<\/p>\n<p>El acceso al Sitio Web y a la informaci\u00f3n contenida en el mismo es gratuito, salvo en lo relativo al coste de conexi\u00f3n a trav\u00e9s de la red de telecomunicaciones suministrada por el proveedor de acceso que hubiere contratado el Usuario.<\/p>\n<p>Sin embargo, desde el Sitio Web se podr\u00e1 acceder a productos o servicios de pago ofrecidos por otros sitios web ajenos a Menta Comunicaci\u00f3n.<\/p>\n<p><strong>3. Usuario del Sitio Web<\/strong><\/p>\n<p>Toda persona que acceda al Sitio Web tendr\u00e1 la condici\u00f3n de Usuario.<\/p>\n<p>El Usuario podr\u00e1 navegar libremente por todos los contenidos p\u00fablicos del Sitio Web, y hacer uso de los servicios que se le ofrecen, respetando en todo caso las condiciones de uso del Sitio Web. En consecuencia, todo Usuario debe leer atentamente y conocer el contenido del presente Aviso Legal.. De igual forma, el Usuario tambi\u00e9n deber\u00e1 respetar cualquier otra disposici\u00f3n legal que resulte de aplicaci\u00f3n.<\/p>\n<p>Asimismo, el Usuario podr\u00e1 solicitar el env\u00edo de informaci\u00f3n editorial o comercial a trav\u00e9s de los formularios dispuestos al efecto y prestando su consentimiento marcando la casilla habilitada a tal efecto. Para ello, el Usuario deber\u00e1 ser mayor de 14 a\u00f1os, y facilitar datos ciertos, exactos y actualizados, garantizando el Usuario la autenticidad de todos aquellos datos que introduzca en dichos formularios.<\/p>\n<p>Si el Usuario tuviera que hacer uso de una contrase\u00f1a para la prestaci\u00f3n de alg\u00fan servicio del Sitio Web, como podr\u00eda ser a t\u00edtulo meramente enunciativo la solicitud de env\u00edo de informaci\u00f3n comercialel Usuario se compromete a su uso diligente y a mantener la confidencialidad de la misma. En consecuencia, el Usuario es responsable de la adecuada custodia y confidencialidad de cualesquiera identificadores y\/o contrase\u00f1as que seleccione o que, en su caso, le sean suministrados por Menta Comunicaci\u00f3n, y se compromete a no ceder su uso a terceros, ya sea temporal o permanente, ni a permitir su utilizaci\u00f3n por personas ajenas.\u00a0 Ser\u00e1 responsabilidad exclusiva del Usuario la utilizaci\u00f3n de los servicios ofrecidos en el Sitio Web, por parte de cualquier tercero que, de forma ileg\u00edtima, emplee a tal efecto una contrase\u00f1a o identificador suministrado al Usuario, a causa de una actuaci\u00f3n no diligente o de la p\u00e9rdida de la misma por el Usuario, a menos que lo haya comunicado inmediatamente a Menta Comunicaci\u00f3n.<\/p>\n<p>En virtud de lo anterior, es obligaci\u00f3n del Usuario notificar de forma inmediata a Menta Comunicaci\u00f3n, cualquier hecho que haga posible el uso indebido de los identificadores y\/o contrase\u00f1as, tales como el robo, extrav\u00edo, o el acceso no autorizado a los mismos por parte de terceros, con el fin de proceder a su inmediata cancelaci\u00f3n. Mientras no se comuniquen tales hechos, Menta Comunicaci\u00f3n quedar\u00e1 eximido de cualquier responsabilidad que pudiera derivarse del uso indebido de los identificadores o contrase\u00f1as por parte de terceros no autorizados.<\/p>\n<p><strong>5. Condiciones de uso del Sitio Web y responsabilidad del Usuario<\/strong><br \/>\nAl acceder al Sitio Web, y al usar los servicios que se le ofrecen (tales como registro para recibir informaci\u00f3n, comentarios en noticias, foros, blogs, etc.), el Usuario deber\u00e1 cumplir en todo momento la legislaci\u00f3n vigente, respetando el orden p\u00fablico y el principio de la buena fe.<\/p>\n<p>El mero acceso al Sitio Web no implica, en s\u00ed mismo, el establecimiento de ning\u00fan tipo de v\u00ednculo o relaci\u00f3n comercial entre el Titular y el usuario, salvo cuando se hayan establecido los medios oportunos para ello y el usuario haya dado cumplimiento previo a los requisitos que, en su caso, sean establecidos.<\/p>\n<p>El Usuario se compromete a no utilizar el Sitio Web, ni los recursos o la informaci\u00f3n ofrecida en el mismo para la realizaci\u00f3n de actividades contrarias a la Ley, la moral o el orden p\u00fablico y, en general, a hacer un uso conforme a las condiciones establecidas por Menta Comunicaci\u00f3n.<\/p>\n<p>Cualquier utilizaci\u00f3n distinta a la autorizada est\u00e1 expresamente prohibida, quedando el Titular facultado para denegar o retirar el acceso y uso del Sitio Web, en cualquier momento, y sin previo aviso, a aquellos Usuarios que incumplan estas condiciones generales o las condiciones particulares que, en su caso, resulten de aplicaci\u00f3n.<\/p>\n<p>Las opiniones, contenidos y, en general, todas las actividades realizadas por el Usuario, son de su exclusiva responsabilidad, sin que pueda responsabilizarse a Menta Comunicaci\u00f3n de los da\u00f1os o perjuicios que pudieran derivarse de dichas actividades ajenas a su voluntad y sin que \u00e9sta tenga un conocimiento efectivo de las mismas.<\/p>\n<p>Menta Comunicaci\u00f3n se reserva el derecho de tomar todas las medidas a su alcance para evitar abusos o incumplimientos de las condiciones de uso por parte de los usuarios, tales como baneos, borrado de comentarios, o incluso denuncia a las autoridades pertinentes.<\/p>\n<p>A t\u00edtulo enunciativo, pero no limitativo, se exponen las siguientes pr\u00e1cticas prohibidas por las presentes condiciones de uso:<\/p>\n<p>Realizar actividades il\u00edcitas, ilegales o contrarias a la buena fe y al orden p\u00fablico.- Difundir contenidos o comentarios de car\u00e1cter racista, xen\u00f3fobo, pornogr\u00e1fico, ilegal, de apolog\u00eda del terrorismo, o que atenten contra los derechos humanos, la juventud, la infancia, el orden o la seguridad p\u00fablica.- Difundir contenidos o comentarios ofensivos, insultos, faltas de respeto o cualquiera que no resulte adecuado a criterio de Menta Comunicaci\u00f3n.<\/p>\n<p>\u2013 Provocar o intentar provocar da\u00f1os en los sistemas f\u00edsicos y l\u00f3gicos de Menta Comunicaci\u00f3n, de sus proveedores o de terceras personas, introducir o difundir en la red virus inform\u00e1ticos o cualesquiera otros sistemas f\u00edsicos o l\u00f3gicos que sean susceptibles de provocar los da\u00f1os anteriormente mencionados.<\/p>\n<p>\u2013 Acceder o intentar acceder a datos o informaci\u00f3n confidencial de Menta Comunicaci\u00f3n o de otros usuarios;<br \/>\nSuplantar la identidad de otros usuarios o facilitar datos de otros usuarios sin su consentimiento.<\/p>\n<p>La inclusi\u00f3n y comunicaci\u00f3n de contenidos, por parte de los Usuarios, que se encuentren protegidos por cualesquiera derechos de propiedad intelectual, industrial, de imagen o de naturaleza similar, pertenecientes a terceras personas, cuando ello d\u00e9 lugar a una vulneraci\u00f3n de la legislaci\u00f3n vigente, no cuenten con la autorizaci\u00f3n del titular de los derechos, menoscaben o desprestigien la fama o cr\u00e9dito de Menta Comunicaci\u00f3n, o sean considerados como un supuesto de publicidad il\u00edcita, enga\u00f1osa o desleal.<\/p>\n<p>Menta Comunicaci\u00f3n se reserva el derecho de retirar todos aquellos comentarios y aportaciones que vulneren el respeto a la dignidad de la persona, que sean discriminatorios, xen\u00f3fobos, racistas, pornogr\u00e1ficos, que atenten contra la juventud o la infancia, el orden o la seguridad p\u00fablica o que, a su juicio, no resultaran adecuados para su publicaci\u00f3n. En cualquier caso, Menta Comunicaci\u00f3n no ser\u00e1 responsable de las opiniones vertidas por los Usuarios a trav\u00e9s de los foros, chats, u otras herramientas de participaci\u00f3n.<\/p>\n<p>En el caso de que considere que alg\u00fan comentario de alg\u00fan Usuario atenta contra su honor o la intimidad o propia imagen o que alg\u00fan Contenido \u2013 tal y como se define m\u00e1s adelante- atenta contra sus derechos de propiedad intelectual, puede contactar con nosotros a trav\u00e9s de<\/p>\n<p>Menta Comunicaci\u00f3n colaborar\u00e1 con las autoridades correspondientes a fin de identificar al Usuario o Usuarios responsables de cualquier tipo de actividad il\u00edcita en el Sitio Web.<\/p>\n<p><strong>6. Responsabilidad de Menta Comunicaci\u00f3n<\/strong><\/p>\n<p>El usuario es consciente y acepta voluntariamente que el uso de la informaci\u00f3n publicada y\/o suministrada con relaci\u00f3n a los productos o servicios del Sitio Web tiene lugar bajo su \u00fanica y exclusiva responsabilidad; por lo tanto, salvo que la ley imponga expresamente lo contrario, y exclusivamente en la medida en que lo imponga, Menta Comunicaci\u00f3n no ser\u00e1 responsable de los contenidos, opiniones o comentarios generados por el Usuario ni del acceso y uso de la informaci\u00f3n publicada y\/o suministrada en el Sitio Web. El Titular no responder\u00e1 de ninguna consecuencia, da\u00f1o o perjuicio que pudieran derivarse de dicho acceso o uso de la informaci\u00f3n.<\/p>\n<p>Asimismo, Menta Comunicaci\u00f3n no ser\u00e1 responsable de los errores en el acceso al Sitio Web o en sus contenidos, aunque pondr\u00e1 la mayor diligencia en que los mismos no se produzcan.<\/p>\n<p>Menta Comunicaci\u00f3n se reserva el derecho de suspender temporalmente, y sin necesidad de previo aviso, la accesibilidad del Sitio Web con motivo de una eventual necesidad de efectuar operaciones de mantenimiento, reparaci\u00f3n, seguridad, actualizaci\u00f3n, mejora del mismo o por cualquier otra causa.<\/p>\n<p><strong>7. Propiedad intelectual e industrial<\/strong><\/p>\n<p>Salvo que eventualmente se disponga lo contrario en alg\u00fan contenido concreto, todos los contenidos del Sitio Web (incluyendo, sin car\u00e1cter limitativo, bases de datos, im\u00e1genes, dibujos, gr\u00e1ficos, archivos de texto, audio, v\u00eddeo y software) (en adelante, los \u201cContenidos\u201d) son propiedad de Menta Comunicaci\u00f3n o de terceros que han autorizado su explotaci\u00f3n a Menta Comunicaci\u00f3n, y est\u00e1n protegidos por las normas nacionales e internacionales de propiedad intelectual e industrial.<\/p>\n<p>El nombre de dominio, las marcas, r\u00f3tulos, signos distintivos o logos que aparecen en el Sitio Web son titularidad de Menta Comunicaci\u00f3n o de terceros que han autorizado a Menta Comunicaci\u00f3n su explotaci\u00f3n.<\/p>\n<p>Todos los derechos sobre los Contenidos del Sitio Web est\u00e1n reservados, y no podr\u00e1n ser objeto de modificaci\u00f3n, copia, alteraci\u00f3n, reproducci\u00f3n total o parcial, adaptaci\u00f3n o traducci\u00f3n por parte de terceros sin la expresa autorizaci\u00f3n por parte de Menta Comunicaci\u00f3n.<\/p>\n<p>El acceso y navegaci\u00f3n del usuario por el Sitio Web, as\u00ed como el acceso y uso de los servicios o productos ofrecidos, en ning\u00fan caso se entender\u00e1 como una renuncia, transmisi\u00f3n, licencia o cesi\u00f3n total ni parcial de los derechos antes indicados por parte del Titular, excepto cuando se establezca expresamente lo contrario en las condiciones particulares que regulen la utilizaci\u00f3n, prestaci\u00f3n y\/o contrataci\u00f3n de los productos o servicios que, en su caso, sean ofrecidos a trav\u00e9s del Sitio Web. En consecuencia, no est\u00e1 permitido suprimir, eludir o manipular el aviso de derechos de autor (\u201ccopyright\u201d) y cualesquiera otros datos de identificaci\u00f3n de los derechos del Titular o de sus vendedores, incorporados a los Contenidos, as\u00ed como los dispositivos t\u00e9cnicos de protecci\u00f3n, las huellas digitales o cualesquiera mecanismos de informaci\u00f3n y\/o de identificaci\u00f3n que pudieren contenerse en los mismos.<\/p>\n<p>Respecto de las rese\u00f1as de productos o servicios de terceros que pudieran ofrecerse a trav\u00e9s del Sitio Web, el Titular reconoce a favor de sus vendedores los correspondientes derechos de propiedad industrial e intelectual.<\/p>\n<p>Las referencias a nombres y marcas comerciales o registradas, logotipos u otros signos distintivos, ya sean propiedad del Titular o de terceras empresas, llevan impl\u00edcitas la prohibici\u00f3n sobre su uso sin el consentimiento, previo, expreso y por escrito del Titular o de sus leg\u00edtimos vendedores. En ning\u00fan caso, salvo manifestaci\u00f3n expresa en contrario, el acceso o uso del Sitio Web y\/o de sus Contenidos, confiere al usuario derecho alguno sobre las marcas, logotipos y\/o signos distintivos en \u00e9l incorporados.<\/p>\n<p>El uso, explotaci\u00f3n y\/o utilizaci\u00f3n no autorizada de los Contenidos, as\u00ed como cualquier acto de similar naturaleza del que se derive una lesi\u00f3n de los derechos de propiedad intelectual o industrial, dar\u00e1 lugar a las responsabilidades legalmente establecidas.<\/p>\n<p>Los derechos morales sobre los art\u00edculos period\u00edsticos o de opini\u00f3n que puedan publicarse en este Sitio Web pertenecen a sus respectivos autores, sin perjuicio de que los derechos de propiedad intelectual para la explotaci\u00f3n de los mismos puedan ser titularidad de Menta Comunicaci\u00f3n por cesi\u00f3n de dichos autores. Menta Comunicaci\u00f3n no se hace responsable respecto a posibles infracciones de derechos de propiedad intelectual y\/o industrial de terceros ocasionadas por el contenido de los art\u00edculos y colaboraciones mencionados en el presente p\u00e1rrafo.<\/p>\n<p><strong>8. Enlaces<br \/>\n<\/strong><br \/>\nEl establecimiento de cualquier hiperenlace desde un Sitio Web ajeno, a cualquiera de las p\u00e1ginas del Sitio Web de Menta Comunicaci\u00f3n estar\u00e1 sometido a las siguientes condiciones:<\/p>\n<p>No se permite la reproducci\u00f3n ni total ni parcial de ninguno de los servicios contenidos en el Sitio Web de Menta Comunicaci\u00f3n.<\/p>\n<p>\u2013 No se incluir\u00e1 ninguna manifestaci\u00f3n falsa, inexacta o incorrecta sobre las p\u00e1ginas del Sitio Web de Menta Comunicaci\u00f3n y sus servicios.<br \/>\nMenta Comunicaci\u00f3n no ser\u00e1 responsable de los contenidos, informaciones, manifestaciones, opiniones o servicios puestos a disposici\u00f3n del p\u00fablico en el Sitio Web desde la que se establezca un hiperenlace al presente Sitio W<\/p>\n<p>\u2013 Cualquier hiperenlace se efectuar\u00e1 a la p\u00e1gina principal del Sitio Web, y en ning\u00fan caso se har\u00e1 a trav\u00e9s de un frame o marco que induzca a error sobre la autor\u00eda o propiedad de los contenidos del Sitio Web.<\/p>\n<p>\u2013 Asimismo, el Usuario podr\u00e1 encontrar p\u00e1ginas de terceros enlazadas desde el Sitio Web, tales como los blogs del Sitio Web o las tiendas online.<\/p>\n<p>Estas p\u00e1ginas no son responsabilidad de Menta Comunicaci\u00f3n. Menta Comunicaci\u00f3n no ser\u00e1 responsable de las actividades contrarias a la ley, la moral o el orden p\u00fablico que realicen los titulares de las p\u00e1ginas enlazadas desde el presente Sitio Web.<\/p>\n<p><strong>9. Registro de Usuario<\/strong><\/p>\n<p>Cuando sea necesario que el Usuario se registre o facilite datos personales, ser\u00e1 advertido, convenientemente, de dicha necesidad.<\/p>\n<p>En todo caso, la recogida y el tratamiento de los datos personales se llevar\u00e1 a cabo con sujeci\u00f3n a los principios y obligaciones del Reglamento (UE) 2016\/679 del Parlamento Europeo y del Consejo de 27 de abril de 2016 relativo a la protecci\u00f3n de las personas f\u00edsicas en lo que respecta al tratamiento de datos personales y a la libre circulaci\u00f3n de estos datos, la Ley Org\u00e1nica 15\/1999, de 13 de diciembre, de Protecci\u00f3n de Datos (LOPD) y normativa de desarrollo, y de conformidad con lo previsto en la Pol\u00edtica de Privacidad, la cual forma parte integrante de este Aviso Legal.<\/p>\n<p><strong>10. Cookies<\/strong><\/p>\n<p>El Titular utiliza en el Sitio Web cookies propias y de empresas colaboradoras para mejorar su experiencia de usuario y ofrecerle los mejores servicios.<\/p>\n<p>Las cookies son peque\u00f1os ficheros de datos que el servidor de Internet env\u00eda al dispositivo con el que se conecta al Sitio Web y que \u00e9ste archiva. Se asocian \u00fanicamente a su navegador y no proporcionan por s\u00ed mismas datos personales. Las cookies no pueden da\u00f1ar su dispositivo y adem\u00e1s son muy \u00fatiles, ya que nos ayudan a identificar y resolver errores.<\/p>\n<p>Al navegar por nuestro Sitio Web, estar\u00e1 aceptando el uso de las cookies en las condiciones establecidas en la Pol\u00edtica de Cookies.<\/p>\n<p><strong>11. Modificaciones<\/strong><\/p>\n<p>El Titular se reserva el derecho de modificar, unilateralmente, en cualquier momento y sin previo aviso las presentes condiciones. En estos casos se proceder\u00e1 a su publicaci\u00f3n y aviso con la m\u00e1xima antelaci\u00f3n posible.<\/p>\n<p>De igual modo, se reserva el derecho a modificar, unilateralmente, en cualquier momento y sin previo aviso, la presentaci\u00f3n y configuraci\u00f3n del Sitio Web.<\/p>\n<p>Por tanto, la vigencia temporal de este Aviso Legal, coincide con el tiempo de su exposici\u00f3n, hasta que sea modificado total o parcialmente, momento en el cual pasar\u00e1n a tener vigencia los textos actualizados.<\/p>\n<p><strong>12. Legislaci\u00f3n aplicable y tribunales competentes<\/strong><\/p>\n<p>Estas condiciones se regir\u00e1n o interpretar\u00e1n conforme a la legislaci\u00f3n espa\u00f1ola en aquello que no est\u00e9 expresamente establecido.<\/p>\n<p>Para los casos en los que la normativa prevea la posibilidad de que las partes puedan someterse a un fuero, Menta Comunicaci\u00f3n y el Usuario, con renuncia expresa a cualquier otro fuero que pudiera corresponderles, someter\u00e1n cualesquiera controversias y\/o litigios al conocimiento de los Juzgados y Tribunales de la Ciudad de M\u00e9xico.<\/p>\n","protected":false},"excerpt":{"rendered":"<p>1. Responsable y editor del sitio web Este sitio web\u00a0www.grazia.es\u00a0(en adelante, el \u201cSitio Web\u201d) es responsabilidad de Menta Comunicaci\u00f3n y Medios, S.A. de C.V., con N\u00famero Fiscal (MCM151123C20), con domicilio en Av. Jesus del Monte 41, piso 14 Int. 1526-B, Col. Jesus del Monte, Huixquilucan, Estado de M\u00e9xico. En adelante, la entidad responsable de este&#8230;<\/p>\n","protected":false},"author":11642,"featured_media":0,"parent":0,"menu_order":0,"comment_status":"closed","ping_status":"closed","template":"","meta":{"jetpack_post_was_ever_published":false,"ep_exclude_from_search":false,"footnotes":""},"acf":[],"yoast_head":"<!-- This site is optimized with the Yoast SEO Premium plugin v18.5 (Yoast SEO v20.4) - https:\/\/yoast.com\/wordpress\/plugins\/seo\/ -->\n<title>T\u00e9rminos y condiciones | Grazia<\/title>\n<meta name=\"description\" content=\"1. Responsable y editor del sitio web Este sitio web\u00a0www.grazia.es\u00a0(en adelante, el \u201cSitio Web\u201d) es responsabilidad de Menta Comunicaci\u00f3n y Medios, S.A.\" \/>\n<meta name=\"robots\" content=\"index, follow, max-snippet:-1, max-image-preview:large, max-video-preview:-1\" \/>\n<link rel=\"canonical\" href=\"https:\/\/graziamagazine.com\/es\/terminos-y-condiciones\/\" \/>\n<meta property=\"og:locale\" content=\"es_ES\" \/>\n<meta property=\"og:type\" content=\"article\" \/>\n<meta property=\"og:title\" content=\"T\u00e9rminos y condiciones\" \/>\n<meta property=\"og:description\" content=\"1. Responsable y editor del sitio web Este sitio web\u00a0www.grazia.es\u00a0(en adelante, el \u201cSitio Web\u201d) es responsabilidad de Menta Comunicaci\u00f3n y Medios, S.A.\" \/>\n<meta property=\"og:url\" content=\"https:\/\/graziamagazine.com\/es\/terminos-y-condiciones\/\" \/>\n<meta property=\"og:site_name\" content=\"Grazia\" \/>\n<meta property=\"article:modified_time\" content=\"2021-02-24T16:45:42+00:00\" \/>\n<meta name=\"twitter:card\" content=\"summary_large_image\" \/>\n<meta name=\"twitter:label1\" content=\"Est. reading time\" \/>\n\t<meta name=\"twitter:data1\" content=\"15 minutos\" \/>\n<script type=\"application\/ld+json\" class=\"yoast-schema-graph\">{\"@context\":\"https:\/\/schema.org\",\"@graph\":[{\"@type\":\"WebPage\",\"@id\":\"https:\/\/graziamagazine.com\/es\/terminos-y-condiciones\/\",\"url\":\"https:\/\/graziamagazine.com\/es\/terminos-y-condiciones\/\",\"name\":\"T\u00e9rminos y condiciones | Grazia\",\"isPartOf\":{\"@id\":\"https:\/\/graziamagazine.com\/es\/#website\"},\"datePublished\":\"2021-01-19T22:31:50+00:00\",\"dateModified\":\"2021-02-24T16:45:42+00:00\",\"description\":\"1. Responsable y editor del sitio web Este sitio web\u00a0www.grazia.es\u00a0(en adelante, el \u201cSitio Web\u201d) es responsabilidad de Menta Comunicaci\u00f3n y Medios, S.A.\",\"breadcrumb\":{\"@id\":\"https:\/\/graziamagazine.com\/es\/terminos-y-condiciones\/#breadcrumb\"},\"inLanguage\":\"es\",\"potentialAction\":[{\"@type\":\"ReadAction\",\"target\":[\"https:\/\/graziamagazine.com\/es\/terminos-y-condiciones\/\"]}]},{\"@type\":\"BreadcrumbList\",\"@id\":\"https:\/\/graziamagazine.com\/es\/terminos-y-condiciones\/#breadcrumb\",\"itemListElement\":[{\"@type\":\"ListItem\",\"position\":1,\"name\":\"Portada\",\"item\":\"https:\/\/graziamagazine.com\/es\/\"},{\"@type\":\"ListItem\",\"position\":2,\"name\":\"T\u00e9rminos y condiciones\"}]},{\"@type\":\"WebSite\",\"@id\":\"https:\/\/graziamagazine.com\/es\/#website\",\"url\":\"https:\/\/graziamagazine.com\/es\/\",\"name\":\"Grazia\",\"description\":\"Moda, belleza, celebrities, estilo de vida...\",\"potentialAction\":[{\"@type\":\"SearchAction\",\"target\":{\"@type\":\"EntryPoint\",\"urlTemplate\":\"https:\/\/graziamagazine.com\/es\/?s={search_term_string}\"},\"query-input\":\"required name=search_term_string\"}],\"inLanguage\":\"es\"}]}<\/script>\n<!-- \/ Yoast SEO Premium plugin. -->","yoast_head_json":{"title":"T\u00e9rminos y condiciones | Grazia","description":"1. Responsable y editor del sitio web Este sitio web\u00a0www.grazia.es\u00a0(en adelante, el \u201cSitio Web\u201d) es responsabilidad de Menta Comunicaci\u00f3n y Medios, S.A.","robots":{"index":"index","follow":"follow","max-snippet":"max-snippet:-1","max-image-preview":"max-image-preview:large","max-video-preview":"max-video-preview:-1"},"canonical":"https:\/\/graziamagazine.com\/es\/terminos-y-condiciones\/","og_locale":"es_ES","og_type":"article","og_title":"T\u00e9rminos y condiciones","og_description":"1. Responsable y editor del sitio web Este sitio web\u00a0www.grazia.es\u00a0(en adelante, el \u201cSitio Web\u201d) es responsabilidad de Menta Comunicaci\u00f3n y Medios, S.A.","og_url":"https:\/\/graziamagazine.com\/es\/terminos-y-condiciones\/","og_site_name":"Grazia","article_modified_time":"2021-02-24T16:45:42+00:00","twitter_card":"summary_large_image","twitter_misc":{"Est. reading time":"15 minutos"},"schema":{"@context":"https:\/\/schema.org","@graph":[{"@type":"WebPage","@id":"https:\/\/graziamagazine.com\/es\/terminos-y-condiciones\/","url":"https:\/\/graziamagazine.com\/es\/terminos-y-condiciones\/","name":"T\u00e9rminos y condiciones | Grazia","isPartOf":{"@id":"https:\/\/graziamagazine.com\/es\/#website"},"datePublished":"2021-01-19T22:31:50+00:00","dateModified":"2021-02-24T16:45:42+00:00","description":"1. Responsable y editor del sitio web Este sitio web\u00a0www.grazia.es\u00a0(en adelante, el \u201cSitio Web\u201d) es responsabilidad de Menta Comunicaci\u00f3n y Medios, S.A.","breadcrumb":{"@id":"https:\/\/graziamagazine.com\/es\/terminos-y-condiciones\/#breadcrumb"},"inLanguage":"es","potentialAction":[{"@type":"ReadAction","target":["https:\/\/graziamagazine.com\/es\/terminos-y-condiciones\/"]}]},{"@type":"BreadcrumbList","@id":"https:\/\/graziamagazine.com\/es\/terminos-y-condiciones\/#breadcrumb","itemListElement":[{"@type":"ListItem","position":1,"name":"Portada","item":"https:\/\/graziamagazine.com\/es\/"},{"@type":"ListItem","position":2,"name":"T\u00e9rminos y condiciones"}]},{"@type":"WebSite","@id":"https:\/\/graziamagazine.com\/es\/#website","url":"https:\/\/graziamagazine.com\/es\/","name":"Grazia","description":"Moda, belleza, celebrities, estilo de vida...","potentialAction":[{"@type":"SearchAction","target":{"@type":"EntryPoint","urlTemplate":"https:\/\/graziamagazine.com\/es\/?s={search_term_string}"},"query-input":"required name=search_term_string"}],"inLanguage":"es"}]}},"jetpack_sharing_enabled":true,"distributor_meta":false,"distributor_terms":false,"distributor_media":false,"distributor_original_site_name":"Grazia","distributor_original_site_url":"https:\/\/graziamagazine.com\/es","push-errors":false,"amp_enabled":true,"_links":{"self":[{"href":"https:\/\/graziamagazine.com\/es\/wp-json\/wp\/v2\/pages\/157225"}],"collection":[{"href":"https:\/\/graziamagazine.com\/es\/wp-json\/wp\/v2\/pages"}],"about":[{"href":"https:\/\/graziamagazine.com\/es\/wp-json\/wp\/v2\/types\/page"}],"author":[{"embeddable":true,"href":"https:\/\/graziamagazine.com\/es\/wp-json\/wp\/v2\/users\/11642"}],"replies":[{"embeddable":true,"href":"https:\/\/graziamagazine.com\/es\/wp-json\/wp\/v2\/comments?post=157225"}],"version-history":[{"count":"2","href":"https:\/\/graziamagazine.com\/es\/wp-json\/wp\/v2\/pages\/157225\/revisions"}],"predecessor-version":[{"id":157685,"href":"https:\/\/graziamagazine.com\/es\/wp-json\/wp\/v2\/pages\/157225\/revisions\/157685"}],"wp:attachment":[{"href":"https:\/\/graziamagazine.com\/es\/wp-json\/wp\/v2\/media?parent=157225"}],"curies":[{"name":"wp","href":"https:\/\/api.w.org\/{rel}","templated":true}]}}