{"id":117927,"date":"2017-07-04T15:35:20","date_gmt":"2017-07-04T13:35:20","guid":{"rendered":"https:\/\/graziamagazine.com\/es\/?page_id=117927"},"modified":"2017-07-04T15:36:45","modified_gmt":"2017-07-04T13:36:45","slug":"otono-invierno-2017-18-alta-costura","status":"publish","type":"page","link":"https:\/\/graziamagazine.com\/es\/otono-invierno-2017-18-alta-costura\/","title":{"rendered":"Oto\u00f1o-Invierno 2017-18: Alta Costura"},"content":{"rendered":"<p>Como cada seis meses, Par\u00eds se engalana para acoger la semana grande de la moda: los desfiles de Alta Costura que desaf\u00edan a capa y espada al paso del tiempo a golpe de clic. Todas las im\u00e1genes, en Grazia.es<\/p>\n","protected":false},"excerpt":{"rendered":"<p>Como cada seis meses, Par\u00eds se engalana para acoger la semana grande de la moda: los desfiles de Alta Costura que desaf\u00edan a capa y espada al paso del tiempo a golpe de clic. Todas las im\u00e1genes, en Grazia.es<\/p>\n","protected":false},"author":21500,"featured_media":0,"parent":0,"menu_order":9,"comment_status":"closed","ping_status":"closed","template":"template-temporada.php","meta":{"jetpack_post_was_ever_published":false,"ep_exclude_from_search":false,"footnotes":""},"acf":[],"yoast_head":"<!-- This site is optimized with the Yoast SEO Premium plugin v18.5 (Yoast SEO v20.4) - https:\/\/yoast.com\/wordpress\/plugins\/seo\/ -->\n<title>Oto\u00f1o-Invierno 2017-18: Alta Costura | Grazia<\/title>\n<meta name=\"description\" content=\"Como cada seis meses, Par\u00eds se engalana para acoger la semana grande de la moda: los desfiles de Alta Costura que desaf\u00edan a capa y espada al paso del tiempo a golpe de clic. Todas las im\u00e1genes, en Grazia.es\" \/>\n<meta name=\"robots\" content=\"index, follow, max-snippet:-1, max-image-preview:large, max-video-preview:-1\" \/>\n<link rel=\"canonical\" href=\"https:\/\/graziamagazine.com\/es\/otono-invierno-2017-18-alta-costura\/\" \/>\n<meta property=\"og:locale\" content=\"es_ES\" \/>\n<meta property=\"og:type\" content=\"article\" \/>\n<meta property=\"og:title\" content=\"Oto\u00f1o-Invierno 2017-18: Alta Costura\" \/>\n<meta property=\"og:description\" content=\"Como cada seis meses, Par\u00eds se engalana para acoger la semana grande de la moda: los desfiles de Alta Costura que desaf\u00edan a capa y espada al paso del tiempo a golpe de clic. Todas las im\u00e1genes, en Grazia.es\" \/>\n<meta property=\"og:url\" content=\"https:\/\/graziamagazine.com\/es\/otono-invierno-2017-18-alta-costura\/\" \/>\n<meta property=\"og:site_name\" content=\"Grazia\" \/>\n<meta property=\"article:modified_time\" content=\"2017-07-04T13:36:45+00:00\" \/>\n<meta property=\"og:image\" content=\"https:\/\/graziamagazine.com\/es\/wp-content\/uploads\/sites\/12\/2017\/07\/04153058\/GettyImages-806335914.jpg?fit=3280%2C2183\" \/>\n\t<meta property=\"og:image:width\" content=\"3280\" \/>\n\t<meta property=\"og:image:height\" content=\"2183\" \/>\n\t<meta property=\"og:image:type\" content=\"image\/jpeg\" \/>\n<meta name=\"twitter:card\" content=\"summary_large_image\" \/>\n<meta name=\"twitter:title\" content=\"Oto\u00f1o-Invierno 2017-18: Alta Costura\" \/>\n<meta name=\"twitter:description\" content=\"Como cada seis meses, Par\u00eds se engalana para acoger la semana grande de la moda: los desfiles de Alta Costura que desaf\u00edan a capa y espada al paso del tiempo a golpe de clic. Todas las im\u00e1genes, en Grazia.es\" \/>\n<meta name=\"twitter:image\" content=\"http:\/\/s3-eu-west-1.amazonaws.com\/grazia-cdn\/wp-content\/uploads\/sites\/12\/2017\/07\/04153058\/GettyImages-806335914.jpg\" \/>\n<script type=\"application\/ld+json\" class=\"yoast-schema-graph\">{\"@context\":\"https:\/\/schema.org\",\"@graph\":[{\"@type\":\"WebPage\",\"@id\":\"https:\/\/graziamagazine.com\/es\/otono-invierno-2017-18-alta-costura\/\",\"url\":\"https:\/\/graziamagazine.com\/es\/otono-invierno-2017-18-alta-costura\/\",\"name\":\"Oto\u00f1o-Invierno 2017-18: Alta Costura | Grazia\",\"isPartOf\":{\"@id\":\"https:\/\/graziamagazine.com\/es\/#website\"},\"datePublished\":\"2017-07-04T13:35:20+00:00\",\"dateModified\":\"2017-07-04T13:36:45+00:00\",\"description\":\"Como cada seis meses, Par\u00eds se engalana para acoger la semana grande de la moda: los desfiles de Alta Costura que desaf\u00edan a capa y espada al paso del tiempo a golpe de clic. Todas las im\u00e1genes, en Grazia.es\",\"breadcrumb\":{\"@id\":\"https:\/\/graziamagazine.com\/es\/otono-invierno-2017-18-alta-costura\/#breadcrumb\"},\"inLanguage\":\"es\",\"potentialAction\":[{\"@type\":\"ReadAction\",\"target\":[\"https:\/\/graziamagazine.com\/es\/otono-invierno-2017-18-alta-costura\/\"]}]},{\"@type\":\"BreadcrumbList\",\"@id\":\"https:\/\/graziamagazine.com\/es\/otono-invierno-2017-18-alta-costura\/#breadcrumb\",\"itemListElement\":[{\"@type\":\"ListItem\",\"position\":1,\"name\":\"Portada\",\"item\":\"https:\/\/graziamagazine.com\/es\/\"},{\"@type\":\"ListItem\",\"position\":2,\"name\":\"Oto\u00f1o-Invierno 2017-18: Alta Costura\"}]},{\"@type\":\"WebSite\",\"@id\":\"https:\/\/graziamagazine.com\/es\/#website\",\"url\":\"https:\/\/graziamagazine.com\/es\/\",\"name\":\"Grazia\",\"description\":\"Moda, belleza, celebrities, estilo de vida...\",\"potentialAction\":[{\"@type\":\"SearchAction\",\"target\":{\"@type\":\"EntryPoint\",\"urlTemplate\":\"https:\/\/graziamagazine.com\/es\/?s={search_term_string}\"},\"query-input\":\"required name=search_term_string\"}],\"inLanguage\":\"es\"}]}<\/script>\n<!-- \/ Yoast SEO Premium plugin. -->","yoast_head_json":{"title":"Oto\u00f1o-Invierno 2017-18: Alta Costura | Grazia","description":"Como cada seis meses, Par\u00eds se engalana para acoger la semana grande de la moda: los desfiles de Alta Costura que desaf\u00edan a capa y espada al paso del tiempo a golpe de clic. Todas las im\u00e1genes, en Grazia.es","robots":{"index":"index","follow":"follow","max-snippet":"max-snippet:-1","max-image-preview":"max-image-preview:large","max-video-preview":"max-video-preview:-1"},"canonical":"https:\/\/graziamagazine.com\/es\/otono-invierno-2017-18-alta-costura\/","og_locale":"es_ES","og_type":"article","og_title":"Oto\u00f1o-Invierno 2017-18: Alta Costura","og_description":"Como cada seis meses, Par\u00eds se engalana para acoger la semana grande de la moda: los desfiles de Alta Costura que desaf\u00edan a capa y espada al paso del tiempo a golpe de clic. Todas las im\u00e1genes, en Grazia.es","og_url":"https:\/\/graziamagazine.com\/es\/otono-invierno-2017-18-alta-costura\/","og_site_name":"Grazia","article_modified_time":"2017-07-04T13:36:45+00:00","og_image":[{"width":3280,"height":2183,"url":"https:\/\/graziamagazine.com\/es\/wp-content\/uploads\/sites\/12\/2017\/07\/04153058\/GettyImages-806335914.jpg?fit=3280%2C2183","type":"image\/jpeg"}],"twitter_card":"summary_large_image","twitter_title":"Oto\u00f1o-Invierno 2017-18: Alta Costura","twitter_description":"Como cada seis meses, Par\u00eds se engalana para acoger la semana grande de la moda: los desfiles de Alta Costura que desaf\u00edan a capa y espada al paso del tiempo a golpe de clic. Todas las im\u00e1genes, en Grazia.es","twitter_image":"http:\/\/s3-eu-west-1.amazonaws.com\/grazia-cdn\/wp-content\/uploads\/sites\/12\/2017\/07\/04153058\/GettyImages-806335914.jpg","schema":{"@context":"https:\/\/schema.org","@graph":[{"@type":"WebPage","@id":"https:\/\/graziamagazine.com\/es\/otono-invierno-2017-18-alta-costura\/","url":"https:\/\/graziamagazine.com\/es\/otono-invierno-2017-18-alta-costura\/","name":"Oto\u00f1o-Invierno 2017-18: Alta Costura | Grazia","isPartOf":{"@id":"https:\/\/graziamagazine.com\/es\/#website"},"datePublished":"2017-07-04T13:35:20+00:00","dateModified":"2017-07-04T13:36:45+00:00","description":"Como cada seis meses, Par\u00eds se engalana para acoger la semana grande de la moda: los desfiles de Alta Costura que desaf\u00edan a capa y espada al paso del tiempo a golpe de clic. Todas las im\u00e1genes, en Grazia.es","breadcrumb":{"@id":"https:\/\/graziamagazine.com\/es\/otono-invierno-2017-18-alta-costura\/#breadcrumb"},"inLanguage":"es","potentialAction":[{"@type":"ReadAction","target":["https:\/\/graziamagazine.com\/es\/otono-invierno-2017-18-alta-costura\/"]}]},{"@type":"BreadcrumbList","@id":"https:\/\/graziamagazine.com\/es\/otono-invierno-2017-18-alta-costura\/#breadcrumb","itemListElement":[{"@type":"ListItem","position":1,"name":"Portada","item":"https:\/\/graziamagazine.com\/es\/"},{"@type":"ListItem","position":2,"name":"Oto\u00f1o-Invierno 2017-18: Alta Costura"}]},{"@type":"WebSite","@id":"https:\/\/graziamagazine.com\/es\/#website","url":"https:\/\/graziamagazine.com\/es\/","name":"Grazia","description":"Moda, belleza, celebrities, estilo de vida...","potentialAction":[{"@type":"SearchAction","target":{"@type":"EntryPoint","urlTemplate":"https:\/\/graziamagazine.com\/es\/?s={search_term_string}"},"query-input":"required name=search_term_string"}],"inLanguage":"es"}]}},"jetpack_sharing_enabled":true,"distributor_meta":false,"distributor_terms":false,"distributor_media":false,"distributor_original_site_name":"Grazia","distributor_original_site_url":"https:\/\/graziamagazine.com\/es","push-errors":false,"amp_enabled":false,"_links":{"self":[{"href":"https:\/\/graziamagazine.com\/es\/wp-json\/wp\/v2\/pages\/117927"}],"collection":[{"href":"https:\/\/graziamagazine.com\/es\/wp-json\/wp\/v2\/pages"}],"about":[{"href":"https:\/\/graziamagazine.com\/es\/wp-json\/wp\/v2\/types\/page"}],"author":[{"embeddable":true,"href":"https:\/\/graziamagazine.com\/es\/wp-json\/wp\/v2\/users\/21500"}],"replies":[{"embeddable":true,"href":"https:\/\/graziamagazine.com\/es\/wp-json\/wp\/v2\/comments?post=117927"}],"version-history":[{"count":"1","href":"https:\/\/graziamagazine.com\/es\/wp-json\/wp\/v2\/pages\/117927\/revisions"}],"predecessor-version":[{"id":117952,"href":"https:\/\/graziamagazine.com\/es\/wp-json\/wp\/v2\/pages\/117927\/revisions\/117952"}],"wp:attachment":[{"href":"https:\/\/graziamagazine.com\/es\/wp-json\/wp\/v2\/media?parent=117927"}],"curies":[{"name":"wp","href":"https:\/\/api.w.org\/{rel}","templated":true}]}}