{"id":116048,"date":"2017-05-30T14:08:22","date_gmt":"2017-05-30T12:08:22","guid":{"rendered":"https:\/\/graziamagazine.com\/es\/?page_id=116048"},"modified":"2017-05-31T11:14:29","modified_gmt":"2017-05-31T09:14:29","slug":"bases-legales-concurso-pinko","status":"publish","type":"page","link":"https:\/\/graziamagazine.com\/es\/bases-legales-concurso-pinko\/","title":{"rendered":"Bases legales concurso Pinko"},"content":{"rendered":"<p><strong>BASES de\u00a0PARTICIPACI\u00d3N EN ACCIONES ESPECIALES<\/strong><\/p>\n<p>Mayo\u00a02017<\/p>\n<p><strong>1. Empresa organizadora<\/strong><\/p>\n<p>La organizaci\u00f3n de las acciones promocionales est\u00e1 promovida por Mondadori International Business Srl (en adelante, Mondadori), con domicilio en Via Mondadori, 1, 20122, Segrate (Mil\u00e1n &#8211; Italia), y con c\u00f3digo fiscal, n\u00famero de IVA y n\u00famero de inscripci\u00f3n en el Registro de Empresas de Mil\u00e1n: 08009080964.<\/p>\n<p><strong>2. Bases particulares en acci\u00f3n especial Pinko<\/strong><\/p>\n<p>La participaci\u00f3n en la acci\u00f3n concursos que Mondadori organiza\u00a0a trav\u00e9s de la p\u00e1gina web graziamagazine.com\/es (en adelante, la Web) regir\u00e1n por lo previsto en las bases de la acci\u00f3n promocional particular, estas bases.\u00a0Para participar ser\u00e1 requisito indispensable estar inscrito como usuario en la Web as\u00ed como suscribirse al newsletter de la misma, aceptando, en todo caso, la pol\u00edtica de privacidad establecida al efecto. Los datos recopilados al inscribirse en la acci\u00f3n podr\u00e1n ser utilizados con fines comerciales por Mondadori, as\u00ed como por la empresa colaboradora\u00a0Cris Conf S.p.A, con domicilio fiscal en\u00a0Strada Comunale di Fornio 132, 43036 Fidenza. Estos datos nunca podr\u00e1n ser cedidos a terceros.<\/p>\n<p><strong>3. Aceptaci\u00f3n de las bases<\/strong><\/p>\n<p>La participaci\u00f3n en la\u00a0acci\u00f3n promocional supone la aceptaci\u00f3n plena e incondicional de estas bases particulares de la\u00a0acci\u00f3n promocional. El reconocimiento como participante v\u00e1lido queda sujeto al cumplimiento de los requisitos establecidos en el punto n\u00famero 4 de estas bases. En caso de no ser aceptado el premio seg\u00fan consta en estas Bases, se entender\u00eda que se renuncia al mismo y en este supuesto la promoci\u00f3n se declarar\u00e1 desierta.<\/p>\n<p><strong>4. Requisitos de participaci\u00f3n<\/strong><\/p>\n<p>No podr\u00e1n participar en la promoci\u00f3n los empleados o familiares directos o indirectos de Mondadori. No podr\u00e1n participar tampoco los proveedores y colaboradores que hayan participado en esta promoci\u00f3n, as\u00ed como familiares directos en primer grado.<\/p>\n<p>S\u00f3lo se considerar\u00e1 v\u00e1lida la participaci\u00f3n de aquellos usuarios que cumplan con los requisitos de participaci\u00f3n establecidos para la acci\u00f3n promocional y en estas bases.<\/p>\n<p>Se considerar\u00e1n nulas aquellas participaciones que se hayan realizado posteriormente a la fecha indicada en la\u00a0acci\u00f3n promocional, as\u00ed como las que no incluyan todos los datos de contacto solicitados y dem\u00e1s condiciones y requisitos de participaci\u00f3n establecidos al efecto en las bases particulares y\/o estas bases. Mondadori no asume ninguna responsabilidad por las respuestas que por razones t\u00e9cnicas no pudieran ser recibidas ni abiertas por los usuarios y los contactos.<\/p>\n<p><strong>5. Fechas de comienzo y terminaci\u00f3n de la acci\u00f3n promocional<\/strong><\/p>\n<p>Las fechas de comienzo y finalizaci\u00f3n de cada promoci\u00f3n se dan a conocer a trav\u00e9s del material promocional destinado a la misma.<\/p>\n<p><strong>6. Funcionamiento de las acciones promocionales<\/strong><\/p>\n<p>La participaci\u00f3nser\u00e1 de car\u00e1cter gratuito, de acuerdo a lo establecido anteriormente, sin perjuicio de posibles acciones promocionales que requieran requisitos especiales de participaci\u00f3n (por ejemplo, env\u00edos de SMS, llamadas telef\u00f3nicas, etc\u2026), en cuyo caso, las bases particulares, recoger\u00e1n dicha circunstancia y sus condiciones particulares.<\/p>\n<p>Entrar\u00e1n en la promoci\u00f3n todas las personas que hayan contestado la pregunta y dejado sus datos de contacto, en las condiciones descritas en cada acci\u00f3n promocional.<\/p>\n<p>El premio no podr\u00e1 intercambiarse por cualquier otro o dinero met\u00e1lico.<\/p>\n<p>En el supuesto de que Mondadori fuese objeto de cualquier reclamaci\u00f3n, judicial o extrajudicial, iniciada por terceros y basada en posibles infracciones de los derechos de propiedad intelectual de dichos terceros, derivada de la utilizaci\u00f3n por parte Mondadori de la informaci\u00f3n aportada por el participante, \u00e9ste asumir\u00e1 cuantos gastos, costes e indemnizaciones pudieran derivarse de tales acciones judiciales, respondiendo frente a Mondadori o frente a tales terceros, seg\u00fan corresponda.<\/p>\n<p>Los resultados ser\u00e1n comunicados v\u00eda telef\u00f3nica o por correo electr\u00f3nico a los ganadores\/as en un plazo m\u00e1ximo de 10 d\u00edas despu\u00e9s de la elecci\u00f3n del ganador o ganadores, y se publicar\u00e1 en la web una vez contactados los mismos.<\/p>\n<p>En el supuesto que en un plazo de 7 d\u00edas, desde la finalizaci\u00f3n del plazo establecido para la determinaci\u00f3n del ganador de la acci\u00f3n promocional, no pudiera contactarse con alg\u00fan ganador y\/o no se identificara al mismo, \u00e9ste perder\u00eda todos sus derechos sobre el premio y la organizaci\u00f3n contactar\u00eda con la persona en reserva, si lo hubiere. Si en el plazo de 7 d\u00edas posteriores no se pudiera contactar con el reserva, el premio en relaci\u00f3n al ganador y reserva, se declarar\u00e1 desierto.<\/p>\n<p>Los textos enviados por los participantes no podr\u00e1n incitar a la violencia, contener comentarios ofensivos, despectivos o discriminatorios por razones de etnia, sexo, religi\u00f3n\u2026; ataques personales a terceros; detalles personales o informaci\u00f3n privada sobre cualquier otra persona; publicidad o cualquier tipo de informaci\u00f3n comercial no relacionada con el objeto de la promoci\u00f3n; lenguaje grosero o contenidos il\u00edcitos o inadecuados para todos los p\u00fablicos. Asimismo los textos no podr\u00e1n estar firmados con el nombre de otro o haci\u00e9ndose pasar por un tercero y no podr\u00e1n infringir cualquier ley de la propiedad intelectual o traten sobre actividades ilegales, debiendo el concursante certificar la propiedad del texto subido. Mondadori se reserva el derecho de retirar cualquier texto por dichos motivos y sin justificaci\u00f3n alguna.<\/p>\n<p>Mondadori no otorga garant\u00edas de ning\u00fan tipo relativas al premio entregado, ni sobre su disfrute ni sobre cualquier incidencia que pudiera acontecer sobre el mismo. Para cualquier informaci\u00f3n relativa al premio, el ganador deber\u00e1 dirigirse a las entidades y direcciones que se incluyen en el premio.<\/p>\n<p>Los gastos del env\u00edo del premio ser\u00e1n por cuenta de Mondadori y\/o la entidad colaboradora en la acci\u00f3n promocional<\/p>\n<p>Mondadori se reserva el derecho de efectuar cualquier cambio, suspender o ampliar esta promoci\u00f3n.<\/p>\n<p>Correr\u00e1n a cargo del ganador los impuestos -cualquiera que sea su naturaleza- que pudieran derivarse del premio.<\/p>\n<p>En el caso de que cualquier promoci\u00f3n quedara suspendida por causas de fuerza mayor, Mondadori y\/o la empresa colaboradora quedar\u00e1n eximidas de cualquier responsabilidad sobre el mismo.<\/p>\n<p><strong>7. Premios<\/strong><\/p>\n<p>Los premios ser\u00e1n descritos en el material promocional de cada acci\u00f3n, indicando su naturaleza y n\u00famero de unidades.<\/p>\n<p><strong>8. Determinaci\u00f3n de ganadores<\/strong><\/p>\n<p>La determinaci\u00f3n de los ganadores de cada concurso se determinar\u00e1 a trav\u00e9s de un jurado formado por distintos miembros del equipo redactor de la revista Grazia, en funci\u00f3n de los requisitos y condiciones establecidos en cada acci\u00f3n promocional. En el supuesto que la determinaci\u00f3n de ganadores se realizar\u00e1 de forma aleatoria, Mondadori garantiza que la plena aleatoriedad en la elecci\u00f3n de los ganadores yo reservas, en su caso.<\/p>\n<p><strong>9. Distribuci\u00f3n de los premios<\/strong><\/p>\n<p>Los ganadores aceptan que sus datos personales sean transferidos a la marca o empresa colaboradora de cada acci\u00f3n promocional con el objetivo de que les sean enviados los correspondientes premios. La responsabilidad de la distribuci\u00f3n, entrega, devoluci\u00f3n o cualquier otra circunstancia que afecte a la entrega de los premios reside \u00fanica y exclusivamente en la marca colaboradora. Los usuarios y ganadores deber\u00e1n aceptar la pol\u00edtica de privacidad establecida al efecto en cada acci\u00f3n promocional.<\/p>\n<p><strong>10. Publicaci\u00f3n de la identidad de los Ganadores<\/strong><\/p>\n<p>La persona agraciada acepta la utilizaci\u00f3n publicitaria de su imagen y sus datos (nombre, apellidos, direcci\u00f3n, c\u00f3digo postal, tel\u00e9fono y correo electr\u00f3nico) que haga Mondadori con motivo del premio, dentro de los l\u00edmites que establece la Ley. En cualquier otro caso, se entiende que renuncia al premio.<\/p>\n","protected":false},"excerpt":{"rendered":"<p>BASES de\u00a0PARTICIPACI\u00d3N EN ACCIONES ESPECIALES Mayo\u00a02017 1. Empresa organizadora La organizaci\u00f3n de las acciones promocionales est\u00e1 promovida por Mondadori International Business Srl (en adelante, Mondadori), con domicilio en Via Mondadori, 1, 20122, Segrate (Mil\u00e1n &#8211; Italia), y con c\u00f3digo fiscal, n\u00famero de IVA y n\u00famero de inscripci\u00f3n en el Registro de Empresas de Mil\u00e1n: 08009080964&#8230;.<\/p>\n","protected":false},"author":21500,"featured_media":0,"parent":0,"menu_order":15,"comment_status":"closed","ping_status":"closed","template":"","meta":{"jetpack_post_was_ever_published":false,"ep_exclude_from_search":false,"footnotes":""},"acf":[],"yoast_head":"<!-- This site is optimized with the Yoast SEO Premium plugin v18.5 (Yoast SEO v20.4) - https:\/\/yoast.com\/wordpress\/plugins\/seo\/ -->\n<title>Bases legales concurso Pinko | Grazia<\/title>\n<meta name=\"description\" content=\"BASES de\u00a0PARTICIPACI\u00d3N EN ACCIONES ESPECIALES Mayo\u00a02017 1. Empresa organizadora La organizaci\u00f3n de las acciones promocionales est\u00e1 promovida por Mondadori\" \/>\n<meta name=\"robots\" content=\"index, follow, max-snippet:-1, max-image-preview:large, max-video-preview:-1\" \/>\n<link rel=\"canonical\" href=\"https:\/\/graziamagazine.com\/es\/bases-legales-concurso-pinko\/\" \/>\n<meta property=\"og:locale\" content=\"es_ES\" \/>\n<meta property=\"og:type\" content=\"article\" \/>\n<meta property=\"og:title\" content=\"Bases legales concurso Pinko\" \/>\n<meta property=\"og:description\" content=\"BASES de\u00a0PARTICIPACI\u00d3N EN ACCIONES ESPECIALES Mayo\u00a02017 1. Empresa organizadora La organizaci\u00f3n de las acciones promocionales est\u00e1 promovida por Mondadori\" \/>\n<meta property=\"og:url\" content=\"https:\/\/graziamagazine.com\/es\/bases-legales-concurso-pinko\/\" \/>\n<meta property=\"og:site_name\" content=\"Grazia\" \/>\n<meta property=\"article:modified_time\" content=\"2017-05-31T09:14:29+00:00\" \/>\n<meta name=\"twitter:card\" content=\"summary_large_image\" \/>\n<meta name=\"twitter:label1\" content=\"Est. reading time\" \/>\n\t<meta name=\"twitter:data1\" content=\"6 minutos\" \/>\n<script type=\"application\/ld+json\" class=\"yoast-schema-graph\">{\"@context\":\"https:\/\/schema.org\",\"@graph\":[{\"@type\":\"WebPage\",\"@id\":\"https:\/\/graziamagazine.com\/es\/bases-legales-concurso-pinko\/\",\"url\":\"https:\/\/graziamagazine.com\/es\/bases-legales-concurso-pinko\/\",\"name\":\"Bases legales concurso Pinko | Grazia\",\"isPartOf\":{\"@id\":\"https:\/\/graziamagazine.com\/es\/#website\"},\"datePublished\":\"2017-05-30T12:08:22+00:00\",\"dateModified\":\"2017-05-31T09:14:29+00:00\",\"description\":\"BASES de\u00a0PARTICIPACI\u00d3N EN ACCIONES ESPECIALES Mayo\u00a02017 1. Empresa organizadora La organizaci\u00f3n de las acciones promocionales est\u00e1 promovida por Mondadori\",\"breadcrumb\":{\"@id\":\"https:\/\/graziamagazine.com\/es\/bases-legales-concurso-pinko\/#breadcrumb\"},\"inLanguage\":\"es\",\"potentialAction\":[{\"@type\":\"ReadAction\",\"target\":[\"https:\/\/graziamagazine.com\/es\/bases-legales-concurso-pinko\/\"]}]},{\"@type\":\"BreadcrumbList\",\"@id\":\"https:\/\/graziamagazine.com\/es\/bases-legales-concurso-pinko\/#breadcrumb\",\"itemListElement\":[{\"@type\":\"ListItem\",\"position\":1,\"name\":\"Portada\",\"item\":\"https:\/\/graziamagazine.com\/es\/\"},{\"@type\":\"ListItem\",\"position\":2,\"name\":\"Bases legales concurso Pinko\"}]},{\"@type\":\"WebSite\",\"@id\":\"https:\/\/graziamagazine.com\/es\/#website\",\"url\":\"https:\/\/graziamagazine.com\/es\/\",\"name\":\"Grazia\",\"description\":\"Moda, belleza, celebrities, estilo de vida...\",\"potentialAction\":[{\"@type\":\"SearchAction\",\"target\":{\"@type\":\"EntryPoint\",\"urlTemplate\":\"https:\/\/graziamagazine.com\/es\/?s={search_term_string}\"},\"query-input\":\"required name=search_term_string\"}],\"inLanguage\":\"es\"}]}<\/script>\n<!-- \/ Yoast SEO Premium plugin. -->","yoast_head_json":{"title":"Bases legales concurso Pinko | Grazia","description":"BASES de\u00a0PARTICIPACI\u00d3N EN ACCIONES ESPECIALES Mayo\u00a02017 1. Empresa organizadora La organizaci\u00f3n de las acciones promocionales est\u00e1 promovida por Mondadori","robots":{"index":"index","follow":"follow","max-snippet":"max-snippet:-1","max-image-preview":"max-image-preview:large","max-video-preview":"max-video-preview:-1"},"canonical":"https:\/\/graziamagazine.com\/es\/bases-legales-concurso-pinko\/","og_locale":"es_ES","og_type":"article","og_title":"Bases legales concurso Pinko","og_description":"BASES de\u00a0PARTICIPACI\u00d3N EN ACCIONES ESPECIALES Mayo\u00a02017 1. Empresa organizadora La organizaci\u00f3n de las acciones promocionales est\u00e1 promovida por Mondadori","og_url":"https:\/\/graziamagazine.com\/es\/bases-legales-concurso-pinko\/","og_site_name":"Grazia","article_modified_time":"2017-05-31T09:14:29+00:00","twitter_card":"summary_large_image","twitter_misc":{"Est. reading time":"6 minutos"},"schema":{"@context":"https:\/\/schema.org","@graph":[{"@type":"WebPage","@id":"https:\/\/graziamagazine.com\/es\/bases-legales-concurso-pinko\/","url":"https:\/\/graziamagazine.com\/es\/bases-legales-concurso-pinko\/","name":"Bases legales concurso Pinko | Grazia","isPartOf":{"@id":"https:\/\/graziamagazine.com\/es\/#website"},"datePublished":"2017-05-30T12:08:22+00:00","dateModified":"2017-05-31T09:14:29+00:00","description":"BASES de\u00a0PARTICIPACI\u00d3N EN ACCIONES ESPECIALES Mayo\u00a02017 1. Empresa organizadora La organizaci\u00f3n de las acciones promocionales est\u00e1 promovida por Mondadori","breadcrumb":{"@id":"https:\/\/graziamagazine.com\/es\/bases-legales-concurso-pinko\/#breadcrumb"},"inLanguage":"es","potentialAction":[{"@type":"ReadAction","target":["https:\/\/graziamagazine.com\/es\/bases-legales-concurso-pinko\/"]}]},{"@type":"BreadcrumbList","@id":"https:\/\/graziamagazine.com\/es\/bases-legales-concurso-pinko\/#breadcrumb","itemListElement":[{"@type":"ListItem","position":1,"name":"Portada","item":"https:\/\/graziamagazine.com\/es\/"},{"@type":"ListItem","position":2,"name":"Bases legales concurso Pinko"}]},{"@type":"WebSite","@id":"https:\/\/graziamagazine.com\/es\/#website","url":"https:\/\/graziamagazine.com\/es\/","name":"Grazia","description":"Moda, belleza, celebrities, estilo de vida...","potentialAction":[{"@type":"SearchAction","target":{"@type":"EntryPoint","urlTemplate":"https:\/\/graziamagazine.com\/es\/?s={search_term_string}"},"query-input":"required name=search_term_string"}],"inLanguage":"es"}]}},"jetpack_sharing_enabled":true,"distributor_meta":false,"distributor_terms":false,"distributor_media":false,"distributor_original_site_name":"Grazia","distributor_original_site_url":"https:\/\/graziamagazine.com\/es","push-errors":false,"amp_enabled":true,"_links":{"self":[{"href":"https:\/\/graziamagazine.com\/es\/wp-json\/wp\/v2\/pages\/116048"}],"collection":[{"href":"https:\/\/graziamagazine.com\/es\/wp-json\/wp\/v2\/pages"}],"about":[{"href":"https:\/\/graziamagazine.com\/es\/wp-json\/wp\/v2\/types\/page"}],"author":[{"embeddable":true,"href":"https:\/\/graziamagazine.com\/es\/wp-json\/wp\/v2\/users\/21500"}],"replies":[{"embeddable":true,"href":"https:\/\/graziamagazine.com\/es\/wp-json\/wp\/v2\/comments?post=116048"}],"version-history":[{"count":"1","href":"https:\/\/graziamagazine.com\/es\/wp-json\/wp\/v2\/pages\/116048\/revisions"}],"predecessor-version":[{"id":116051,"href":"https:\/\/graziamagazine.com\/es\/wp-json\/wp\/v2\/pages\/116048\/revisions\/116051"}],"wp:attachment":[{"href":"https:\/\/graziamagazine.com\/es\/wp-json\/wp\/v2\/media?parent=116048"}],"curies":[{"name":"wp","href":"https:\/\/api.w.org\/{rel}","templated":true}]}}